{"id":131508,"date":"2025-11-14T14:23:39","date_gmt":"2025-11-14T13:23:39","guid":{"rendered":"https:\/\/www.ernstbrunn-apotheke.at\/katalog\/produkt\/pflueger-dr-schuessler-nr-10-natrium-sulfuricum-250-g\/"},"modified":"2025-12-09T10:14:17","modified_gmt":"2025-12-09T09:14:17","slug":"pflueger-dr-schuessler-nr-10-natrium-sulfuricum-250-g","status":"publish","type":"product","link":"https:\/\/www.ernstbrunn-apotheke.at\/katalog\/produkt\/pflueger-dr-schuessler-nr-10-natrium-sulfuricum-250-g\/","title":{"rendered":"Pfl\u00fcger Dr. Sch\u00fc\u00dfler Nr. 10 Natrium Sulfuricum 250 g"},"content":{"rendered":"<p>Pfl\u00fcger Dr. Sch\u00fc\u00dfler Nr. 10 Natrium Sulfuricum hilft, die K\u00f6rperfl\u00fcssigkeiten zu regulieren. Zudem unterst\u00fctzt es die Ausscheidung alles \u00e2\u20ac\u017e\u00dcber-Fl\u00fcssigen\u00e2\u20ac\u009d und ist damit ein wichtiges Mittel zur Entschlackung und Entgiftung des Organismus. Es ist daher auch ein wichtiges Mittel f\u00fcr den Erhalt der Funktion und der Regeneration der Ausscheidungsorgane Leber, Galle, Niere, Blase und Dickdarm.<\/p>\n","protected":false},"excerpt":{"rendered":"<p>Pfl\u00fcger Dr. Sch\u00fc\u00dfler Nr. 10 Natrium Sulfuricum hilft, die K\u00f6rperfl\u00fcssigkeiten zu regulieren. Zudem unterst\u00fctzt es die Ausscheidung alles \u00e2\u20ac\u017e\u00dcber-Fl\u00fcssigen\u00e2\u20ac\u009d und ist damit ein wichtiges Mittel zur Entschlackung und Entgiftung des Organismus. Es ist daher auch ein wichtiges Mittel f\u00fcr den Erhalt der Funktion und der Regeneration der Ausscheidungsorgane Leber, Galle, Niere, Blase und Dickdarm.<\/p>\n","protected":false},"featured_media":131510,"template":"","meta":{"_acf_changed":false},"product_brand":[],"product_cat":[793],"product_tag":[],"class_list":{"0":"post-131508","1":"product","2":"type-product","3":"status-publish","4":"has-post-thumbnail","6":"product_cat-p","7":"pa_packungsgroesse-250g","9":"first","10":"instock","11":"shipping-taxable","12":"purchasable","13":"product-type-simple"},"acf":[],"_links":{"self":[{"href":"https:\/\/www.ernstbrunn-apotheke.at\/katalog\/wp-json\/wp\/v2\/product\/131508","targetHints":{"allow":["GET"]}}],"collection":[{"href":"https:\/\/www.ernstbrunn-apotheke.at\/katalog\/wp-json\/wp\/v2\/product"}],"about":[{"href":"https:\/\/www.ernstbrunn-apotheke.at\/katalog\/wp-json\/wp\/v2\/types\/product"}],"wp:featuredmedia":[{"embeddable":true,"href":"https:\/\/www.ernstbrunn-apotheke.at\/katalog\/wp-json\/wp\/v2\/media\/131510"}],"wp:attachment":[{"href":"https:\/\/www.ernstbrunn-apotheke.at\/katalog\/wp-json\/wp\/v2\/media?parent=131508"}],"wp:term":[{"taxonomy":"product_brand","embeddable":true,"href":"https:\/\/www.ernstbrunn-apotheke.at\/katalog\/wp-json\/wp\/v2\/product_brand?post=131508"},{"taxonomy":"product_cat","embeddable":true,"href":"https:\/\/www.ernstbrunn-apotheke.at\/katalog\/wp-json\/wp\/v2\/product_cat?post=131508"},{"taxonomy":"product_tag","embeddable":true,"href":"https:\/\/www.ernstbrunn-apotheke.at\/katalog\/wp-json\/wp\/v2\/product_tag?post=131508"}],"curies":[{"name":"wp","href":"https:\/\/api.w.org\/{rel}","templated":true}]}}