{"id":131486,"date":"2025-11-14T14:23:39","date_gmt":"2025-11-14T13:23:39","guid":{"rendered":"https:\/\/www.ernstbrunn-apotheke.at\/katalog\/produkt\/pflueger-dr-schuessler-nr-9-natrium-phosphoricum-250-g\/"},"modified":"2025-12-09T10:14:14","modified_gmt":"2025-12-09T09:14:14","slug":"pflueger-dr-schuessler-nr-9-natrium-phosphoricum-250-g","status":"publish","type":"product","link":"https:\/\/www.ernstbrunn-apotheke.at\/katalog\/produkt\/pflueger-dr-schuessler-nr-9-natrium-phosphoricum-250-g\/","title":{"rendered":"Pfl\u00fcger Dr. Sch\u00fc\u00dfler Nr. 9 Natrium Phosphoricum 250 g"},"content":{"rendered":"<p>Pfl\u00fcger Dr. Sch\u00fc\u00dfler Nr. 9 Natrium Phosphoricum dient zur Aufrechterhaltung des S\u00e4ure-Basen-Gleichgewichtes im K\u00f6rper und regt den Stoffwechsel an. Natriumphosphat ist im menschlichen K\u00f6rper weit verbreitet. So kommt es in den Gehirnzellen, Nerven, Muskeln, roten Blutk\u00f6rperchen und im Bindegewebe vor. Typische Beschwerden sind St\u00f6rungen des S\u00e4ure-Basen-Haushaltes und Erkrankungen des Stoffwechsels.<\/p>\n","protected":false},"excerpt":{"rendered":"<p>Pfl\u00fcger Dr. Sch\u00fc\u00dfler Nr. 9 Natrium Phosphoricum dient zur Aufrechterhaltung des S\u00e4ure-Basen-Gleichgewichtes im K\u00f6rper und regt den Stoffwechsel an. Natriumphosphat ist im menschlichen K\u00f6rper weit verbreitet. So kommt es in den Gehirnzellen, Nerven, Muskeln, roten Blutk\u00f6rperchen und im Bindegewebe vor. Typische Beschwerden sind St\u00f6rungen des S\u00e4ure-Basen-Haushaltes und Erkrankungen des Stoffwechsels.<\/p>\n","protected":false},"featured_media":131488,"template":"","meta":{"_acf_changed":false},"product_brand":[],"product_cat":[793],"product_tag":[],"class_list":{"0":"post-131486","1":"product","2":"type-product","3":"status-publish","4":"has-post-thumbnail","6":"product_cat-p","7":"pa_packungsgroesse-250g","9":"first","10":"instock","11":"shipping-taxable","12":"purchasable","13":"product-type-simple"},"acf":[],"_links":{"self":[{"href":"https:\/\/www.ernstbrunn-apotheke.at\/katalog\/wp-json\/wp\/v2\/product\/131486","targetHints":{"allow":["GET"]}}],"collection":[{"href":"https:\/\/www.ernstbrunn-apotheke.at\/katalog\/wp-json\/wp\/v2\/product"}],"about":[{"href":"https:\/\/www.ernstbrunn-apotheke.at\/katalog\/wp-json\/wp\/v2\/types\/product"}],"wp:featuredmedia":[{"embeddable":true,"href":"https:\/\/www.ernstbrunn-apotheke.at\/katalog\/wp-json\/wp\/v2\/media\/131488"}],"wp:attachment":[{"href":"https:\/\/www.ernstbrunn-apotheke.at\/katalog\/wp-json\/wp\/v2\/media?parent=131486"}],"wp:term":[{"taxonomy":"product_brand","embeddable":true,"href":"https:\/\/www.ernstbrunn-apotheke.at\/katalog\/wp-json\/wp\/v2\/product_brand?post=131486"},{"taxonomy":"product_cat","embeddable":true,"href":"https:\/\/www.ernstbrunn-apotheke.at\/katalog\/wp-json\/wp\/v2\/product_cat?post=131486"},{"taxonomy":"product_tag","embeddable":true,"href":"https:\/\/www.ernstbrunn-apotheke.at\/katalog\/wp-json\/wp\/v2\/product_tag?post=131486"}],"curies":[{"name":"wp","href":"https:\/\/api.w.org\/{rel}","templated":true}]}}