{"id":131454,"date":"2025-11-13T17:59:25","date_gmt":"2025-11-13T16:59:25","guid":{"rendered":"https:\/\/www.ernstbrunn-apotheke.at\/katalog\/produkt\/pflueger-dr-schuessler-nr-8-natrium-chloratum-250-g\/"},"modified":"2025-12-09T10:14:11","modified_gmt":"2025-12-09T09:14:11","slug":"pflueger-dr-schuessler-nr-8-natrium-chloratum-250-g","status":"publish","type":"product","link":"https:\/\/www.ernstbrunn-apotheke.at\/katalog\/produkt\/pflueger-dr-schuessler-nr-8-natrium-chloratum-250-g\/","title":{"rendered":"Pfl\u00fcger Dr. Sch\u00fc\u00dfler Nr. 8 Natrium Chloratum 250 g"},"content":{"rendered":"<p>Pfl\u00fcger Dr. Sch\u00fc\u00dfler Nr. 8 Natrium Chloratum ist ein biochemisches Funktionsmittel nach Dr. Sch\u00fc\u00dfler. Es reguliert den Fl\u00fcssigkeits- und W\u00e4rmehaushalt. Das Mittel ist zudem wichtig f\u00fcr die Zellteilung, also die Bildung neuer Zellen, und hat eine hohe Affinit\u00e4t zu den Schleimh\u00e4uten, den Ausscheidungsorganen und Geweben, welche nicht durchblutet werden.<\/p>\n","protected":false},"excerpt":{"rendered":"<p>Pfl\u00fcger Dr. Sch\u00fc\u00dfler Nr. 8 Natrium Chloratum ist ein biochemisches Funktionsmittel nach Dr. Sch\u00fc\u00dfler. Es reguliert den Fl\u00fcssigkeits- und W\u00e4rmehaushalt. Das Mittel ist zudem wichtig f\u00fcr die Zellteilung, also die Bildung neuer Zellen, und hat eine hohe Affinit\u00e4t zu den Schleimh\u00e4uten, den Ausscheidungsorganen und Geweben, welche nicht durchblutet werden.<\/p>\n","protected":false},"featured_media":131456,"template":"","meta":{"_acf_changed":false},"product_brand":[],"product_cat":[793],"product_tag":[],"class_list":{"0":"post-131454","1":"product","2":"type-product","3":"status-publish","4":"has-post-thumbnail","6":"product_cat-p","7":"pa_packungsgroesse-250g","9":"first","10":"instock","11":"shipping-taxable","12":"purchasable","13":"product-type-simple"},"acf":[],"_links":{"self":[{"href":"https:\/\/www.ernstbrunn-apotheke.at\/katalog\/wp-json\/wp\/v2\/product\/131454","targetHints":{"allow":["GET"]}}],"collection":[{"href":"https:\/\/www.ernstbrunn-apotheke.at\/katalog\/wp-json\/wp\/v2\/product"}],"about":[{"href":"https:\/\/www.ernstbrunn-apotheke.at\/katalog\/wp-json\/wp\/v2\/types\/product"}],"wp:featuredmedia":[{"embeddable":true,"href":"https:\/\/www.ernstbrunn-apotheke.at\/katalog\/wp-json\/wp\/v2\/media\/131456"}],"wp:attachment":[{"href":"https:\/\/www.ernstbrunn-apotheke.at\/katalog\/wp-json\/wp\/v2\/media?parent=131454"}],"wp:term":[{"taxonomy":"product_brand","embeddable":true,"href":"https:\/\/www.ernstbrunn-apotheke.at\/katalog\/wp-json\/wp\/v2\/product_brand?post=131454"},{"taxonomy":"product_cat","embeddable":true,"href":"https:\/\/www.ernstbrunn-apotheke.at\/katalog\/wp-json\/wp\/v2\/product_cat?post=131454"},{"taxonomy":"product_tag","embeddable":true,"href":"https:\/\/www.ernstbrunn-apotheke.at\/katalog\/wp-json\/wp\/v2\/product_tag?post=131454"}],"curies":[{"name":"wp","href":"https:\/\/api.w.org\/{rel}","templated":true}]}}