{"id":131430,"date":"2025-11-13T17:58:57","date_gmt":"2025-11-13T16:58:57","guid":{"rendered":"https:\/\/www.ernstbrunn-apotheke.at\/katalog\/produkt\/pflueger-dr-schuessler-nr-7-magnesium-phosphoricum-30-ml\/"},"modified":"2025-12-09T10:14:09","modified_gmt":"2025-12-09T09:14:09","slug":"pflueger-dr-schuessler-nr-7-magnesium-phosphoricum-30-ml","status":"publish","type":"product","link":"https:\/\/www.ernstbrunn-apotheke.at\/katalog\/produkt\/pflueger-dr-schuessler-nr-7-magnesium-phosphoricum-30-ml\/","title":{"rendered":"Pfl\u00fcger Dr. Sch\u00fc\u00dfler Nr. 7 Magnesium Phosphoricum 30 ml"},"content":{"rendered":"<p>Pfl\u00fcger Dr. Sch\u00fc\u00dfler Nr. 7 Magnesium Phosphoricum steuert das vegetative Nervensystem. Es ist zust\u00e4ndig f\u00fcr die unwillk\u00fcrliche Muskelt\u00e4tigkeit und somit f\u00fcr den Ausgleich von Antrieb und Entspannung. Magnesium phosphoricum spielt eine wichtige Rolle in Bezug auf die Darmt\u00e4tigkeit und das Nervensystem.<\/p>\n","protected":false},"excerpt":{"rendered":"<p>Pfl\u00fcger Dr. Sch\u00fc\u00dfler Nr. 7 Magnesium Phosphoricum steuert das vegetative Nervensystem. Es ist zust\u00e4ndig f\u00fcr die unwillk\u00fcrliche Muskelt\u00e4tigkeit und somit f\u00fcr den Ausgleich von Antrieb und Entspannung. Magnesium phosphoricum spielt eine wichtige Rolle in Bezug auf die Darmt\u00e4tigkeit und das Nervensystem.<\/p>\n","protected":false},"featured_media":131432,"template":"","meta":{"_acf_changed":false},"product_brand":[],"product_cat":[793],"product_tag":[],"class_list":{"0":"post-131430","1":"product","2":"type-product","3":"status-publish","4":"has-post-thumbnail","6":"product_cat-p","7":"pa_packungsgroesse-30ml","9":"first","10":"instock","11":"shipping-taxable","12":"purchasable","13":"product-type-simple"},"acf":[],"_links":{"self":[{"href":"https:\/\/www.ernstbrunn-apotheke.at\/katalog\/wp-json\/wp\/v2\/product\/131430","targetHints":{"allow":["GET"]}}],"collection":[{"href":"https:\/\/www.ernstbrunn-apotheke.at\/katalog\/wp-json\/wp\/v2\/product"}],"about":[{"href":"https:\/\/www.ernstbrunn-apotheke.at\/katalog\/wp-json\/wp\/v2\/types\/product"}],"wp:featuredmedia":[{"embeddable":true,"href":"https:\/\/www.ernstbrunn-apotheke.at\/katalog\/wp-json\/wp\/v2\/media\/131432"}],"wp:attachment":[{"href":"https:\/\/www.ernstbrunn-apotheke.at\/katalog\/wp-json\/wp\/v2\/media?parent=131430"}],"wp:term":[{"taxonomy":"product_brand","embeddable":true,"href":"https:\/\/www.ernstbrunn-apotheke.at\/katalog\/wp-json\/wp\/v2\/product_brand?post=131430"},{"taxonomy":"product_cat","embeddable":true,"href":"https:\/\/www.ernstbrunn-apotheke.at\/katalog\/wp-json\/wp\/v2\/product_cat?post=131430"},{"taxonomy":"product_tag","embeddable":true,"href":"https:\/\/www.ernstbrunn-apotheke.at\/katalog\/wp-json\/wp\/v2\/product_tag?post=131430"}],"curies":[{"name":"wp","href":"https:\/\/api.w.org\/{rel}","templated":true}]}}