{"id":131400,"date":"2025-11-13T17:58:11","date_gmt":"2025-11-13T16:58:11","guid":{"rendered":"https:\/\/www.ernstbrunn-apotheke.at\/katalog\/produkt\/pflueger-dr-schuessler-nr-5-kalium-phosphoricum-250-g\/"},"modified":"2025-12-09T10:14:06","modified_gmt":"2025-12-09T09:14:06","slug":"pflueger-dr-schuessler-nr-5-kalium-phosphoricum-250-g","status":"publish","type":"product","link":"https:\/\/www.ernstbrunn-apotheke.at\/katalog\/produkt\/pflueger-dr-schuessler-nr-5-kalium-phosphoricum-250-g\/","title":{"rendered":"Pfl\u00fcger Dr. Sch\u00fc\u00dfler Nr. 5 Kalium Phosphoricum 250 g"},"content":{"rendered":"<p>Pfl\u00fcger Dr. Sch\u00fc\u00dfler Nr. 5 Kalium Phosphoricum wird bei starken nervlichen und geistigen Belastungen, wie etwa Pr\u00fcfungen angewendet, da der K\u00f6rper in diesen Situationen viel Kalium phosphoricum verbraucht. Der Mineralstoff kommt in allen Gehirn- und Nervenzellen sowie in den Muskeln und im Blut vor. Bei seelischer und k\u00f6rperlicher Ersch\u00f6pfung erm\u00f6glicht er Aufbau, Regeneration und frische Energie.<\/p>\n","protected":false},"excerpt":{"rendered":"<p>Pfl\u00fcger Dr. Sch\u00fc\u00dfler Nr. 5 Kalium Phosphoricum wird bei starken nervlichen und geistigen Belastungen, wie etwa Pr\u00fcfungen angewendet, da der K\u00f6rper in diesen Situationen viel Kalium phosphoricum verbraucht. Der Mineralstoff kommt in allen Gehirn- und Nervenzellen sowie in den Muskeln und im Blut vor. Bei seelischer und k\u00f6rperlicher Ersch\u00f6pfung erm\u00f6glicht er Aufbau, Regeneration und frische [&hellip;]<\/p>\n","protected":false},"featured_media":131402,"template":"","meta":{"_acf_changed":false},"product_brand":[],"product_cat":[793],"product_tag":[],"class_list":{"0":"post-131400","1":"product","2":"type-product","3":"status-publish","4":"has-post-thumbnail","6":"product_cat-p","7":"pa_packungsgroesse-250g","9":"first","10":"instock","11":"shipping-taxable","12":"purchasable","13":"product-type-simple"},"acf":[],"_links":{"self":[{"href":"https:\/\/www.ernstbrunn-apotheke.at\/katalog\/wp-json\/wp\/v2\/product\/131400","targetHints":{"allow":["GET"]}}],"collection":[{"href":"https:\/\/www.ernstbrunn-apotheke.at\/katalog\/wp-json\/wp\/v2\/product"}],"about":[{"href":"https:\/\/www.ernstbrunn-apotheke.at\/katalog\/wp-json\/wp\/v2\/types\/product"}],"wp:featuredmedia":[{"embeddable":true,"href":"https:\/\/www.ernstbrunn-apotheke.at\/katalog\/wp-json\/wp\/v2\/media\/131402"}],"wp:attachment":[{"href":"https:\/\/www.ernstbrunn-apotheke.at\/katalog\/wp-json\/wp\/v2\/media?parent=131400"}],"wp:term":[{"taxonomy":"product_brand","embeddable":true,"href":"https:\/\/www.ernstbrunn-apotheke.at\/katalog\/wp-json\/wp\/v2\/product_brand?post=131400"},{"taxonomy":"product_cat","embeddable":true,"href":"https:\/\/www.ernstbrunn-apotheke.at\/katalog\/wp-json\/wp\/v2\/product_cat?post=131400"},{"taxonomy":"product_tag","embeddable":true,"href":"https:\/\/www.ernstbrunn-apotheke.at\/katalog\/wp-json\/wp\/v2\/product_tag?post=131400"}],"curies":[{"name":"wp","href":"https:\/\/api.w.org\/{rel}","templated":true}]}}