{"id":131385,"date":"2025-11-13T17:58:11","date_gmt":"2025-11-13T16:58:11","guid":{"rendered":"https:\/\/www.ernstbrunn-apotheke.at\/katalog\/produkt\/pflueger-dr-schuessler-nr-4-kalium-chloratum-250-g\/"},"modified":"2025-12-09T10:14:04","modified_gmt":"2025-12-09T09:14:04","slug":"pflueger-dr-schuessler-nr-4-kalium-chloratum-250-g","status":"publish","type":"product","link":"https:\/\/www.ernstbrunn-apotheke.at\/katalog\/produkt\/pflueger-dr-schuessler-nr-4-kalium-chloratum-250-g\/","title":{"rendered":"Pfl\u00fcger Dr. Sch\u00fc\u00dfler Nr. 4 Kalium Chloratum 250 g"},"content":{"rendered":"<p>Pfl\u00fcger Dr. Sch\u00fc\u00dfler Nr. 4 Kalium Chloratum unterst\u00fctzt und beeinflusst den Zucker- und den Eiwei\u00dfstoffwechsel. Zudem ist es f\u00fcr das Funktionieren von Nerven und Muskeln verantwortlich und deshalb unentbehrlich. Bei Infektionskrankheiten l\u00f6st es die wei\u00dflichen Ablagerungen auf den Schleimh\u00e4uten. Au\u00dferdem kann Kalium Chloratum den Herzrhythmus sowie die Magen- und Darmt\u00e4tigkeit positiv beeinflussen.<\/p>\n","protected":false},"excerpt":{"rendered":"<p>Pfl\u00fcger Dr. Sch\u00fc\u00dfler Nr. 4 Kalium Chloratum unterst\u00fctzt und beeinflusst den Zucker- und den Eiwei\u00dfstoffwechsel. Zudem ist es f\u00fcr das Funktionieren von Nerven und Muskeln verantwortlich und deshalb unentbehrlich. Bei Infektionskrankheiten l\u00f6st es die wei\u00dflichen Ablagerungen auf den Schleimh\u00e4uten. Au\u00dferdem kann Kalium Chloratum den Herzrhythmus sowie die Magen- und Darmt\u00e4tigkeit positiv beeinflussen.<\/p>\n","protected":false},"featured_media":131387,"template":"","meta":{"_acf_changed":false},"product_brand":[],"product_cat":[793],"product_tag":[],"class_list":{"0":"post-131385","1":"product","2":"type-product","3":"status-publish","4":"has-post-thumbnail","6":"product_cat-p","7":"pa_packungsgroesse-250g","9":"first","10":"instock","11":"shipping-taxable","12":"purchasable","13":"product-type-simple"},"acf":[],"_links":{"self":[{"href":"https:\/\/www.ernstbrunn-apotheke.at\/katalog\/wp-json\/wp\/v2\/product\/131385","targetHints":{"allow":["GET"]}}],"collection":[{"href":"https:\/\/www.ernstbrunn-apotheke.at\/katalog\/wp-json\/wp\/v2\/product"}],"about":[{"href":"https:\/\/www.ernstbrunn-apotheke.at\/katalog\/wp-json\/wp\/v2\/types\/product"}],"wp:featuredmedia":[{"embeddable":true,"href":"https:\/\/www.ernstbrunn-apotheke.at\/katalog\/wp-json\/wp\/v2\/media\/131387"}],"wp:attachment":[{"href":"https:\/\/www.ernstbrunn-apotheke.at\/katalog\/wp-json\/wp\/v2\/media?parent=131385"}],"wp:term":[{"taxonomy":"product_brand","embeddable":true,"href":"https:\/\/www.ernstbrunn-apotheke.at\/katalog\/wp-json\/wp\/v2\/product_brand?post=131385"},{"taxonomy":"product_cat","embeddable":true,"href":"https:\/\/www.ernstbrunn-apotheke.at\/katalog\/wp-json\/wp\/v2\/product_cat?post=131385"},{"taxonomy":"product_tag","embeddable":true,"href":"https:\/\/www.ernstbrunn-apotheke.at\/katalog\/wp-json\/wp\/v2\/product_tag?post=131385"}],"curies":[{"name":"wp","href":"https:\/\/api.w.org\/{rel}","templated":true}]}}