{"id":131357,"date":"2025-11-13T17:57:22","date_gmt":"2025-11-13T16:57:22","guid":{"rendered":"https:\/\/www.ernstbrunn-apotheke.at\/katalog\/produkt\/pflueger-dr-schuessler-nr-3-ferrum-phosphoricum-250-g\/"},"modified":"2025-12-09T10:14:02","modified_gmt":"2025-12-09T09:14:02","slug":"pflueger-dr-schuessler-nr-3-ferrum-phosphoricum-250-g","status":"publish","type":"product","link":"https:\/\/www.ernstbrunn-apotheke.at\/katalog\/produkt\/pflueger-dr-schuessler-nr-3-ferrum-phosphoricum-250-g\/","title":{"rendered":"Pfl\u00fcger Dr. Sch\u00fc\u00dfler Nr. 3 Ferrum Phosphoricum 250 g"},"content":{"rendered":"<p>Pfl\u00fcger Dr. Sch\u00fc\u00dfler Nr. 3 Ferrum Phosphoricum ist der Mineralstoff f\u00fcr alle pl\u00f6tzlich auftretenden akuten Gesundheitsst\u00f6rungen und ist daher auch als Erste-Hilfe-Salz bekannt. Es unterst\u00fctzt den Sauerstofftransport im K\u00f6rper und ist deshalb das Mittel der Wahl zur Anregung der blutbildenden Gewebe und des Immunsystems.<\/p>\n","protected":false},"excerpt":{"rendered":"<p>Pfl\u00fcger Dr. Sch\u00fc\u00dfler Nr. 3 Ferrum Phosphoricum ist der Mineralstoff f\u00fcr alle pl\u00f6tzlich auftretenden akuten Gesundheitsst\u00f6rungen und ist daher auch als Erste-Hilfe-Salz bekannt. Es unterst\u00fctzt den Sauerstofftransport im K\u00f6rper und ist deshalb das Mittel der Wahl zur Anregung der blutbildenden Gewebe und des Immunsystems.<\/p>\n","protected":false},"featured_media":131359,"template":"","meta":{"_acf_changed":false},"product_brand":[],"product_cat":[793],"product_tag":[],"class_list":{"0":"post-131357","1":"product","2":"type-product","3":"status-publish","4":"has-post-thumbnail","6":"product_cat-p","7":"pa_packungsgroesse-250g","9":"first","10":"instock","11":"shipping-taxable","12":"purchasable","13":"product-type-simple"},"acf":[],"_links":{"self":[{"href":"https:\/\/www.ernstbrunn-apotheke.at\/katalog\/wp-json\/wp\/v2\/product\/131357","targetHints":{"allow":["GET"]}}],"collection":[{"href":"https:\/\/www.ernstbrunn-apotheke.at\/katalog\/wp-json\/wp\/v2\/product"}],"about":[{"href":"https:\/\/www.ernstbrunn-apotheke.at\/katalog\/wp-json\/wp\/v2\/types\/product"}],"wp:featuredmedia":[{"embeddable":true,"href":"https:\/\/www.ernstbrunn-apotheke.at\/katalog\/wp-json\/wp\/v2\/media\/131359"}],"wp:attachment":[{"href":"https:\/\/www.ernstbrunn-apotheke.at\/katalog\/wp-json\/wp\/v2\/media?parent=131357"}],"wp:term":[{"taxonomy":"product_brand","embeddable":true,"href":"https:\/\/www.ernstbrunn-apotheke.at\/katalog\/wp-json\/wp\/v2\/product_brand?post=131357"},{"taxonomy":"product_cat","embeddable":true,"href":"https:\/\/www.ernstbrunn-apotheke.at\/katalog\/wp-json\/wp\/v2\/product_cat?post=131357"},{"taxonomy":"product_tag","embeddable":true,"href":"https:\/\/www.ernstbrunn-apotheke.at\/katalog\/wp-json\/wp\/v2\/product_tag?post=131357"}],"curies":[{"name":"wp","href":"https:\/\/api.w.org\/{rel}","templated":true}]}}