{"id":131304,"date":"2025-11-13T17:56:17","date_gmt":"2025-11-13T16:56:17","guid":{"rendered":"https:\/\/www.ernstbrunn-apotheke.at\/katalog\/produkt\/pflueger-dr-schuessler-nr-1-calcium-fluoratum-250-g\/"},"modified":"2025-12-09T10:13:58","modified_gmt":"2025-12-09T09:13:58","slug":"pflueger-dr-schuessler-nr-1-calcium-fluoratum-250-g","status":"publish","type":"product","link":"https:\/\/www.ernstbrunn-apotheke.at\/katalog\/produkt\/pflueger-dr-schuessler-nr-1-calcium-fluoratum-250-g\/","title":{"rendered":"Pfl\u00fcger Dr. Sch\u00fc\u00dfler Nr. 1 Calcium Fluoratum 250 g"},"content":{"rendered":"<p>Pfl\u00fcger Dr. Sch\u00fc\u00dfler Nr. 1 Calcium Fluoratum ist zust\u00e4ndig f\u00fcr die Elastizit\u00e4t von Sehnen, B\u00e4ndern, Gef\u00e4\u00dfw\u00e4nden, Organen und Muskeln. Es versorgt Haut, Haare, N\u00e4gel, festigt den Zahnschmelz und die Oberfl\u00e4che der Knochen. Daher sind etwa Knochen- und Zahnoberfl\u00e4chen, Blutgef\u00e4\u00dfw\u00e4nde und die Haut auf dieses Sch\u00fc\u00dfler-Salz angewiesen.<\/p>\n","protected":false},"excerpt":{"rendered":"<p>Pfl\u00fcger Dr. Sch\u00fc\u00dfler Nr. 1 Calcium Fluoratum ist zust\u00e4ndig f\u00fcr die Elastizit\u00e4t von Sehnen, B\u00e4ndern, Gef\u00e4\u00dfw\u00e4nden, Organen und Muskeln. Es versorgt Haut, Haare, N\u00e4gel, festigt den Zahnschmelz und die Oberfl\u00e4che der Knochen. Daher sind etwa Knochen- und Zahnoberfl\u00e4chen, Blutgef\u00e4\u00dfw\u00e4nde und die Haut auf dieses Sch\u00fc\u00dfler-Salz angewiesen.<\/p>\n","protected":false},"featured_media":131306,"template":"","meta":{"_acf_changed":false},"product_brand":[],"product_cat":[793],"product_tag":[],"class_list":{"0":"post-131304","1":"product","2":"type-product","3":"status-publish","4":"has-post-thumbnail","6":"product_cat-p","7":"pa_packungsgroesse-250g","9":"first","10":"instock","11":"shipping-taxable","12":"purchasable","13":"product-type-simple"},"acf":[],"_links":{"self":[{"href":"https:\/\/www.ernstbrunn-apotheke.at\/katalog\/wp-json\/wp\/v2\/product\/131304","targetHints":{"allow":["GET"]}}],"collection":[{"href":"https:\/\/www.ernstbrunn-apotheke.at\/katalog\/wp-json\/wp\/v2\/product"}],"about":[{"href":"https:\/\/www.ernstbrunn-apotheke.at\/katalog\/wp-json\/wp\/v2\/types\/product"}],"wp:featuredmedia":[{"embeddable":true,"href":"https:\/\/www.ernstbrunn-apotheke.at\/katalog\/wp-json\/wp\/v2\/media\/131306"}],"wp:attachment":[{"href":"https:\/\/www.ernstbrunn-apotheke.at\/katalog\/wp-json\/wp\/v2\/media?parent=131304"}],"wp:term":[{"taxonomy":"product_brand","embeddable":true,"href":"https:\/\/www.ernstbrunn-apotheke.at\/katalog\/wp-json\/wp\/v2\/product_brand?post=131304"},{"taxonomy":"product_cat","embeddable":true,"href":"https:\/\/www.ernstbrunn-apotheke.at\/katalog\/wp-json\/wp\/v2\/product_cat?post=131304"},{"taxonomy":"product_tag","embeddable":true,"href":"https:\/\/www.ernstbrunn-apotheke.at\/katalog\/wp-json\/wp\/v2\/product_tag?post=131304"}],"curies":[{"name":"wp","href":"https:\/\/api.w.org\/{rel}","templated":true}]}}