{"id":131210,"date":"2025-11-13T17:54:02","date_gmt":"2025-11-13T16:54:02","guid":{"rendered":"https:\/\/www.ernstbrunn-apotheke.at\/katalog\/produkt\/life-light-sanomit-direkt-100-ml\/"},"modified":"2025-12-09T10:13:44","modified_gmt":"2025-12-09T09:13:44","slug":"life-light-sanomit-direkt-100-ml","status":"publish","type":"product","link":"https:\/\/www.ernstbrunn-apotheke.at\/katalog\/produkt\/life-light-sanomit-direkt-100-ml\/","title":{"rendered":"Life Light Sanomit Direkt 100 ml"},"content":{"rendered":"<p>Life Light Sanomit Direkt enth\u00e4lt wertvolles Ubiquinon Q10 auch Coenzym Q10 genannt und ist das erste Produkt, wodurch Coenzym Q10 durch seine fl\u00fcssige Konsistenz schneller und besser aufgenommen werden kann als herk\u00f6mmliche Q10-Zubereitungen. Das Produkt wird ohne Gentechnik hergestellt und enth\u00e4lt keine synthetischen Zusatzstoffe. Nahrungserg\u00e4nzungsmittel dienen nicht als Ersatz f\u00fcr eine abwechslungsreiche und ausgewogene Ern\u00e4hrung. Sie sind f\u00fcr Kinder unerreichbar aufzubewahren und die empfohlene Tagesdosis darf nicht \u00fcberschritten werden &#8211; wir f\u00fchren alle Produkte von Apozen  zu Sonderpreisen!<\/p>\n","protected":false},"excerpt":{"rendered":"<p>Life Light Sanomit Direkt enth\u00e4lt wertvolles Ubiquinon Q10 auch Coenzym Q10 genannt und ist das erste Produkt, wodurch Coenzym Q10 durch seine fl\u00fcssige Konsistenz schneller und besser aufgenommen werden kann als herk\u00f6mmliche Q10-Zubereitungen. Das Produkt wird ohne Gentechnik hergestellt und enth\u00e4lt keine synthetischen Zusatzstoffe. Nahrungserg\u00e4nzungsmittel dienen nicht als Ersatz f\u00fcr eine abwechslungsreiche und ausgewogene Ern\u00e4hrung. [&hellip;]<\/p>\n","protected":false},"featured_media":131212,"template":"","meta":{"_acf_changed":false},"product_brand":[],"product_cat":[795],"product_tag":[],"class_list":{"0":"post-131210","1":"product","2":"type-product","3":"status-publish","4":"has-post-thumbnail","6":"product_cat-l","7":"pa_packungsgroesse-100ml","9":"first","10":"instock","11":"shipping-taxable","12":"purchasable","13":"product-type-simple"},"acf":[],"_links":{"self":[{"href":"https:\/\/www.ernstbrunn-apotheke.at\/katalog\/wp-json\/wp\/v2\/product\/131210","targetHints":{"allow":["GET"]}}],"collection":[{"href":"https:\/\/www.ernstbrunn-apotheke.at\/katalog\/wp-json\/wp\/v2\/product"}],"about":[{"href":"https:\/\/www.ernstbrunn-apotheke.at\/katalog\/wp-json\/wp\/v2\/types\/product"}],"wp:featuredmedia":[{"embeddable":true,"href":"https:\/\/www.ernstbrunn-apotheke.at\/katalog\/wp-json\/wp\/v2\/media\/131212"}],"wp:attachment":[{"href":"https:\/\/www.ernstbrunn-apotheke.at\/katalog\/wp-json\/wp\/v2\/media?parent=131210"}],"wp:term":[{"taxonomy":"product_brand","embeddable":true,"href":"https:\/\/www.ernstbrunn-apotheke.at\/katalog\/wp-json\/wp\/v2\/product_brand?post=131210"},{"taxonomy":"product_cat","embeddable":true,"href":"https:\/\/www.ernstbrunn-apotheke.at\/katalog\/wp-json\/wp\/v2\/product_cat?post=131210"},{"taxonomy":"product_tag","embeddable":true,"href":"https:\/\/www.ernstbrunn-apotheke.at\/katalog\/wp-json\/wp\/v2\/product_tag?post=131210"}],"curies":[{"name":"wp","href":"https:\/\/api.w.org\/{rel}","templated":true}]}}