{"id":131207,"date":"2025-11-13T17:54:02","date_gmt":"2025-11-13T16:54:02","guid":{"rendered":"https:\/\/www.ernstbrunn-apotheke.at\/katalog\/produkt\/sanoll-lip-pflegestift-edelweiss-45-ml\/"},"modified":"2025-12-09T10:13:43","modified_gmt":"2025-12-09T09:13:43","slug":"sanoll-lip-pflegestift-edelweiss-45-ml","status":"publish","type":"product","link":"https:\/\/www.ernstbrunn-apotheke.at\/katalog\/produkt\/sanoll-lip-pflegestift-edelweiss-45-ml\/","title":{"rendered":"Sanoll Lip Pflegestift Edelwei\u00df 4,5 ml"},"content":{"rendered":"<p>Sanoll Lippenpflegestift Edelwei\u00df &#038; Calendula verhilft zu sinnlich verf\u00fchrerischen Lippen dank der wahren Liebeskraft aus dem Opal und der biologischen Wirkstoffe wie Kokos und Jojoba\u00f6l. Die Ringelblume sch\u00fctzt an rauen Wintertagen, das Edelwei\u00df bringt leichten nat\u00fcrlichen Lichtschutz. Ihre verzauberten Lippen werden K\u00fcsse nun magisch anziehen.<\/p>\n","protected":false},"excerpt":{"rendered":"<p>Sanoll Lippenpflegestift Edelwei\u00df &#038; Calendula verhilft zu sinnlich verf\u00fchrerischen Lippen dank der wahren Liebeskraft aus dem Opal und der biologischen Wirkstoffe wie Kokos und Jojoba\u00f6l. Die Ringelblume sch\u00fctzt an rauen Wintertagen, das Edelwei\u00df bringt leichten nat\u00fcrlichen Lichtschutz. Ihre verzauberten Lippen werden K\u00fcsse nun magisch anziehen.<\/p>\n","protected":false},"featured_media":131209,"template":"","meta":{"_acf_changed":false},"product_brand":[],"product_cat":[791],"product_tag":[],"class_list":{"0":"post-131207","1":"product","2":"type-product","3":"status-publish","4":"has-post-thumbnail","6":"product_cat-s","7":"pa_packungsgroesse-5ml","9":"first","10":"instock","11":"shipping-taxable","12":"purchasable","13":"product-type-simple"},"acf":[],"_links":{"self":[{"href":"https:\/\/www.ernstbrunn-apotheke.at\/katalog\/wp-json\/wp\/v2\/product\/131207","targetHints":{"allow":["GET"]}}],"collection":[{"href":"https:\/\/www.ernstbrunn-apotheke.at\/katalog\/wp-json\/wp\/v2\/product"}],"about":[{"href":"https:\/\/www.ernstbrunn-apotheke.at\/katalog\/wp-json\/wp\/v2\/types\/product"}],"wp:featuredmedia":[{"embeddable":true,"href":"https:\/\/www.ernstbrunn-apotheke.at\/katalog\/wp-json\/wp\/v2\/media\/131209"}],"wp:attachment":[{"href":"https:\/\/www.ernstbrunn-apotheke.at\/katalog\/wp-json\/wp\/v2\/media?parent=131207"}],"wp:term":[{"taxonomy":"product_brand","embeddable":true,"href":"https:\/\/www.ernstbrunn-apotheke.at\/katalog\/wp-json\/wp\/v2\/product_brand?post=131207"},{"taxonomy":"product_cat","embeddable":true,"href":"https:\/\/www.ernstbrunn-apotheke.at\/katalog\/wp-json\/wp\/v2\/product_cat?post=131207"},{"taxonomy":"product_tag","embeddable":true,"href":"https:\/\/www.ernstbrunn-apotheke.at\/katalog\/wp-json\/wp\/v2\/product_tag?post=131207"}],"curies":[{"name":"wp","href":"https:\/\/api.w.org\/{rel}","templated":true}]}}