{"id":131204,"date":"2025-11-13T17:54:02","date_gmt":"2025-11-13T16:54:02","guid":{"rendered":"https:\/\/www.ernstbrunn-apotheke.at\/katalog\/produkt\/sanoll-haar-intensiv-kur-150-ml\/"},"modified":"2025-12-09T10:13:42","modified_gmt":"2025-12-09T09:13:42","slug":"sanoll-haar-intensiv-kur-150-ml","status":"publish","type":"product","link":"https:\/\/www.ernstbrunn-apotheke.at\/katalog\/produkt\/sanoll-haar-intensiv-kur-150-ml\/","title":{"rendered":"Sanoll Haar Intensiv Kur 150 ml"},"content":{"rendered":"<p>Verwenden Sie Sanoll Haar Intensivkur bei sehr trockenem Haar und trockener, oft auch schuppiger Kopfhaut! Haarpackung f\u00fcr sehr trockenes, glanzloses und stark strapaziertes Haar. Durch die besonders reichhaltige &#8222;\u00d6lkur&#8220; wird der Haarboden gen\u00e4hrt, der Juckreiz reduziert und die Haare intensiv gepflegt.<\/p>\n","protected":false},"excerpt":{"rendered":"<p>Verwenden Sie Sanoll Haar Intensivkur bei sehr trockenem Haar und trockener, oft auch schuppiger Kopfhaut! Haarpackung f\u00fcr sehr trockenes, glanzloses und stark strapaziertes Haar. Durch die besonders reichhaltige &#8222;\u00d6lkur&#8220; wird der Haarboden gen\u00e4hrt, der Juckreiz reduziert und die Haare intensiv gepflegt.<\/p>\n","protected":false},"featured_media":131206,"template":"","meta":{"_acf_changed":false},"product_brand":[],"product_cat":[791],"product_tag":[],"class_list":{"0":"post-131204","1":"product","2":"type-product","3":"status-publish","4":"has-post-thumbnail","6":"product_cat-s","7":"pa_packungsgroesse-150ml","9":"first","10":"instock","11":"shipping-taxable","12":"purchasable","13":"product-type-simple"},"acf":[],"_links":{"self":[{"href":"https:\/\/www.ernstbrunn-apotheke.at\/katalog\/wp-json\/wp\/v2\/product\/131204","targetHints":{"allow":["GET"]}}],"collection":[{"href":"https:\/\/www.ernstbrunn-apotheke.at\/katalog\/wp-json\/wp\/v2\/product"}],"about":[{"href":"https:\/\/www.ernstbrunn-apotheke.at\/katalog\/wp-json\/wp\/v2\/types\/product"}],"wp:featuredmedia":[{"embeddable":true,"href":"https:\/\/www.ernstbrunn-apotheke.at\/katalog\/wp-json\/wp\/v2\/media\/131206"}],"wp:attachment":[{"href":"https:\/\/www.ernstbrunn-apotheke.at\/katalog\/wp-json\/wp\/v2\/media?parent=131204"}],"wp:term":[{"taxonomy":"product_brand","embeddable":true,"href":"https:\/\/www.ernstbrunn-apotheke.at\/katalog\/wp-json\/wp\/v2\/product_brand?post=131204"},{"taxonomy":"product_cat","embeddable":true,"href":"https:\/\/www.ernstbrunn-apotheke.at\/katalog\/wp-json\/wp\/v2\/product_cat?post=131204"},{"taxonomy":"product_tag","embeddable":true,"href":"https:\/\/www.ernstbrunn-apotheke.at\/katalog\/wp-json\/wp\/v2\/product_tag?post=131204"}],"curies":[{"name":"wp","href":"https:\/\/api.w.org\/{rel}","templated":true}]}}