{"id":131201,"date":"2025-11-13T17:53:42","date_gmt":"2025-11-13T16:53:42","guid":{"rendered":"https:\/\/www.ernstbrunn-apotheke.at\/katalog\/produkt\/sanoll-baby-kind-waschcreme-200-ml\/"},"modified":"2025-12-09T10:13:42","modified_gmt":"2025-12-09T09:13:42","slug":"sanoll-baby-kind-waschcreme-200-ml","status":"publish","type":"product","link":"https:\/\/www.ernstbrunn-apotheke.at\/katalog\/produkt\/sanoll-baby-kind-waschcreme-200-ml\/","title":{"rendered":"Sanoll Baby + Kind Waschcreme 200 ml"},"content":{"rendered":"<p>Verwenden Sie Sanoll Baby &#038; Kinder-Waschcreme f\u00fcr eine besonders milde K\u00f6rperreinigung \u2013 Tensid reduziert! Nat\u00fcrlich mild f\u00fcr den ganzen Babyk\u00f6rper. Auf den nassen Wasch-Handschuh oder ins Badewasser geben.<\/p>\n","protected":false},"excerpt":{"rendered":"<p>Verwenden Sie Sanoll Baby &#038; Kinder-Waschcreme f\u00fcr eine besonders milde K\u00f6rperreinigung \u2013 Tensid reduziert! Nat\u00fcrlich mild f\u00fcr den ganzen Babyk\u00f6rper. Auf den nassen Wasch-Handschuh oder ins Badewasser geben.<\/p>\n","protected":false},"featured_media":131203,"template":"","meta":{"_acf_changed":false},"product_brand":[],"product_cat":[791],"product_tag":[],"class_list":{"0":"post-131201","1":"product","2":"type-product","3":"status-publish","4":"has-post-thumbnail","6":"product_cat-s","7":"pa_packungsgroesse-200ml","9":"first","10":"instock","11":"shipping-taxable","12":"purchasable","13":"product-type-simple"},"acf":[],"_links":{"self":[{"href":"https:\/\/www.ernstbrunn-apotheke.at\/katalog\/wp-json\/wp\/v2\/product\/131201","targetHints":{"allow":["GET"]}}],"collection":[{"href":"https:\/\/www.ernstbrunn-apotheke.at\/katalog\/wp-json\/wp\/v2\/product"}],"about":[{"href":"https:\/\/www.ernstbrunn-apotheke.at\/katalog\/wp-json\/wp\/v2\/types\/product"}],"wp:featuredmedia":[{"embeddable":true,"href":"https:\/\/www.ernstbrunn-apotheke.at\/katalog\/wp-json\/wp\/v2\/media\/131203"}],"wp:attachment":[{"href":"https:\/\/www.ernstbrunn-apotheke.at\/katalog\/wp-json\/wp\/v2\/media?parent=131201"}],"wp:term":[{"taxonomy":"product_brand","embeddable":true,"href":"https:\/\/www.ernstbrunn-apotheke.at\/katalog\/wp-json\/wp\/v2\/product_brand?post=131201"},{"taxonomy":"product_cat","embeddable":true,"href":"https:\/\/www.ernstbrunn-apotheke.at\/katalog\/wp-json\/wp\/v2\/product_cat?post=131201"},{"taxonomy":"product_tag","embeddable":true,"href":"https:\/\/www.ernstbrunn-apotheke.at\/katalog\/wp-json\/wp\/v2\/product_tag?post=131201"}],"curies":[{"name":"wp","href":"https:\/\/api.w.org\/{rel}","templated":true}]}}