{"id":131153,"date":"2025-11-13T17:52:33","date_gmt":"2025-11-13T16:52:33","guid":{"rendered":"https:\/\/www.ernstbrunn-apotheke.at\/katalog\/produkt\/rubaxx-tropfen-30-ml\/"},"modified":"2025-12-09T10:13:36","modified_gmt":"2025-12-09T09:13:36","slug":"rubaxx-tropfen-30-ml","status":"publish","type":"product","link":"https:\/\/www.ernstbrunn-apotheke.at\/katalog\/produkt\/rubaxx-tropfen-30-ml\/","title":{"rendered":"RubaXX Tropfen 30 ml"},"content":{"rendered":"<p>RubaXX Tropfen 30 ml wirken stark gegen Schmerz und sind sanft zum K\u00f6rper. Das h\u00e4ufigste Einsatzgebiet sind rheumatische Gelenkschmerzen, die oft mit einem t\u00e4glichen Leidensdruck bei Betroffenen einhergehen. RubaXX Tropfen entfalten ihre Wirkung von innen und sind gut vertr\u00e4glich &#8211; Wir bieten Ihnen das Sortiment einer Standortapotheke, direkt zu Ihnen nach Hause geliefert!<\/p>\n","protected":false},"excerpt":{"rendered":"<p>RubaXX Tropfen 30 ml wirken stark gegen Schmerz und sind sanft zum K\u00f6rper. Das h\u00e4ufigste Einsatzgebiet sind rheumatische Gelenkschmerzen, die oft mit einem t\u00e4glichen Leidensdruck bei Betroffenen einhergehen. RubaXX Tropfen entfalten ihre Wirkung von innen und sind gut vertr\u00e4glich &#8211; Wir bieten Ihnen das Sortiment einer Standortapotheke, direkt zu Ihnen nach Hause geliefert!<\/p>\n","protected":false},"featured_media":131155,"template":"","meta":{"_acf_changed":false},"product_brand":[1361],"product_cat":[808],"product_tag":[],"class_list":{"0":"post-131153","1":"product","2":"type-product","3":"status-publish","4":"has-post-thumbnail","6":"product_brand-rubaxx","7":"product_cat-r","8":"pa_packungsgroesse-30ml","10":"first","11":"instock","12":"shipping-taxable","13":"purchasable","14":"product-type-simple"},"acf":[],"_links":{"self":[{"href":"https:\/\/www.ernstbrunn-apotheke.at\/katalog\/wp-json\/wp\/v2\/product\/131153","targetHints":{"allow":["GET"]}}],"collection":[{"href":"https:\/\/www.ernstbrunn-apotheke.at\/katalog\/wp-json\/wp\/v2\/product"}],"about":[{"href":"https:\/\/www.ernstbrunn-apotheke.at\/katalog\/wp-json\/wp\/v2\/types\/product"}],"wp:featuredmedia":[{"embeddable":true,"href":"https:\/\/www.ernstbrunn-apotheke.at\/katalog\/wp-json\/wp\/v2\/media\/131155"}],"wp:attachment":[{"href":"https:\/\/www.ernstbrunn-apotheke.at\/katalog\/wp-json\/wp\/v2\/media?parent=131153"}],"wp:term":[{"taxonomy":"product_brand","embeddable":true,"href":"https:\/\/www.ernstbrunn-apotheke.at\/katalog\/wp-json\/wp\/v2\/product_brand?post=131153"},{"taxonomy":"product_cat","embeddable":true,"href":"https:\/\/www.ernstbrunn-apotheke.at\/katalog\/wp-json\/wp\/v2\/product_cat?post=131153"},{"taxonomy":"product_tag","embeddable":true,"href":"https:\/\/www.ernstbrunn-apotheke.at\/katalog\/wp-json\/wp\/v2\/product_tag?post=131153"}],"curies":[{"name":"wp","href":"https:\/\/api.w.org\/{rel}","templated":true}]}}