{"id":131140,"date":"2025-11-13T17:52:33","date_gmt":"2025-11-13T16:52:33","guid":{"rendered":"https:\/\/www.ernstbrunn-apotheke.at\/katalog\/produkt\/gall-pharma-roter-ginseng-kapseln-360-stk\/"},"modified":"2025-12-09T10:13:34","modified_gmt":"2025-12-09T09:13:34","slug":"gall-pharma-roter-ginseng-kapseln-360-stk","status":"publish","type":"product","link":"https:\/\/www.ernstbrunn-apotheke.at\/katalog\/produkt\/gall-pharma-roter-ginseng-kapseln-360-stk\/","title":{"rendered":"Gall Pharma Roter Ginseng Kapseln 360 Stk."},"content":{"rendered":"<p>Gall Pharma Roter Ginseng Kapseln 360 Stk. werden bei Ersch\u00f6pfungszust\u00e4nden, Konzentrationsst\u00f6rungen, nach einer Erkrankung, zur Steigerung der Leistungsf\u00e4higkeit und im Alter empfohlen um in diesen F\u00e4llen die Ern\u00e4hrung sinnvoll zu erg\u00e4nzen. Als Energielieferant helfen Ginsenoside bei Schw\u00e4che, die auf Energiemangel zur\u00fcckzuf\u00fchren ist, also bei Abgeschlagenheit, M\u00fcdigkeit, Antriebslosigkeit oder auch Abwehrschw\u00e4che. Au\u00dferdem wird Ginseng von Sportlern zur nat\u00fcrlichen Leistungssteigerung eingenommen, weil der Pflanze ein positiver Einfluss auf die Kraftreserven nachgesagt wird.<\/p>\n","protected":false},"excerpt":{"rendered":"<p>Gall Pharma Roter Ginseng Kapseln 360 Stk. werden bei Ersch\u00f6pfungszust\u00e4nden, Konzentrationsst\u00f6rungen, nach einer Erkrankung, zur Steigerung der Leistungsf\u00e4higkeit und im Alter empfohlen um in diesen F\u00e4llen die Ern\u00e4hrung sinnvoll zu erg\u00e4nzen. Als Energielieferant helfen Ginsenoside bei Schw\u00e4che, die auf Energiemangel zur\u00fcckzuf\u00fchren ist, also bei Abgeschlagenheit, M\u00fcdigkeit, Antriebslosigkeit oder auch Abwehrschw\u00e4che. Au\u00dferdem wird Ginseng von Sportlern [&hellip;]<\/p>\n","protected":false},"featured_media":131142,"template":"","meta":{"_acf_changed":false},"product_brand":[371],"product_cat":[810],"product_tag":[],"class_list":{"0":"post-131140","1":"product","2":"type-product","3":"status-publish","4":"has-post-thumbnail","6":"product_brand-gall-pharma","7":"product_cat-g","8":"pa_packungsgroesse-360-stueck","10":"first","11":"instock","12":"shipping-taxable","13":"purchasable","14":"product-type-simple"},"acf":[],"_links":{"self":[{"href":"https:\/\/www.ernstbrunn-apotheke.at\/katalog\/wp-json\/wp\/v2\/product\/131140","targetHints":{"allow":["GET"]}}],"collection":[{"href":"https:\/\/www.ernstbrunn-apotheke.at\/katalog\/wp-json\/wp\/v2\/product"}],"about":[{"href":"https:\/\/www.ernstbrunn-apotheke.at\/katalog\/wp-json\/wp\/v2\/types\/product"}],"wp:featuredmedia":[{"embeddable":true,"href":"https:\/\/www.ernstbrunn-apotheke.at\/katalog\/wp-json\/wp\/v2\/media\/131142"}],"wp:attachment":[{"href":"https:\/\/www.ernstbrunn-apotheke.at\/katalog\/wp-json\/wp\/v2\/media?parent=131140"}],"wp:term":[{"taxonomy":"product_brand","embeddable":true,"href":"https:\/\/www.ernstbrunn-apotheke.at\/katalog\/wp-json\/wp\/v2\/product_brand?post=131140"},{"taxonomy":"product_cat","embeddable":true,"href":"https:\/\/www.ernstbrunn-apotheke.at\/katalog\/wp-json\/wp\/v2\/product_cat?post=131140"},{"taxonomy":"product_tag","embeddable":true,"href":"https:\/\/www.ernstbrunn-apotheke.at\/katalog\/wp-json\/wp\/v2\/product_tag?post=131140"}],"curies":[{"name":"wp","href":"https:\/\/api.w.org\/{rel}","templated":true}]}}