{"id":131135,"date":"2025-11-13T17:52:17","date_gmt":"2025-11-13T16:52:17","guid":{"rendered":"https:\/\/www.ernstbrunn-apotheke.at\/katalog\/produkt\/gall-pharma-roter-ginseng-kapseln-180-stk\/"},"modified":"2025-12-09T10:13:34","modified_gmt":"2025-12-09T09:13:34","slug":"gall-pharma-roter-ginseng-kapseln-180-stk","status":"publish","type":"product","link":"https:\/\/www.ernstbrunn-apotheke.at\/katalog\/produkt\/gall-pharma-roter-ginseng-kapseln-180-stk\/","title":{"rendered":"Gall Pharma Roter Ginseng Kapseln 180 Stk."},"content":{"rendered":"<p>Roter Ginseng 90 mg GPH Kapseln enthalten ein Trockenextrakt aus der Ginsengwurzel in einer Weichgelatinekapsel. Die Anwendung ist empfehlenswert als tonisierend wirkendes Nahrungserg\u00e4nzungsmittel bei M\u00fcdigkeit, Konzentrationsst\u00f6rungen, in der Rekonvaleszenz und zur Steigerung der Leistungsf\u00e4higkeit.<\/p>\n","protected":false},"excerpt":{"rendered":"<p>Roter Ginseng 90 mg GPH Kapseln enthalten ein Trockenextrakt aus der Ginsengwurzel in einer Weichgelatinekapsel. Die Anwendung ist empfehlenswert als tonisierend wirkendes Nahrungserg\u00e4nzungsmittel bei M\u00fcdigkeit, Konzentrationsst\u00f6rungen, in der Rekonvaleszenz und zur Steigerung der Leistungsf\u00e4higkeit.<\/p>\n","protected":false},"featured_media":131137,"template":"","meta":{"_acf_changed":false},"product_brand":[371],"product_cat":[810],"product_tag":[],"class_list":{"0":"post-131135","1":"product","2":"type-product","3":"status-publish","4":"has-post-thumbnail","6":"product_brand-gall-pharma","7":"product_cat-g","8":"pa_packungsgroesse-180-stueck","10":"first","11":"instock","12":"shipping-taxable","13":"purchasable","14":"product-type-simple"},"acf":[],"_links":{"self":[{"href":"https:\/\/www.ernstbrunn-apotheke.at\/katalog\/wp-json\/wp\/v2\/product\/131135","targetHints":{"allow":["GET"]}}],"collection":[{"href":"https:\/\/www.ernstbrunn-apotheke.at\/katalog\/wp-json\/wp\/v2\/product"}],"about":[{"href":"https:\/\/www.ernstbrunn-apotheke.at\/katalog\/wp-json\/wp\/v2\/types\/product"}],"wp:featuredmedia":[{"embeddable":true,"href":"https:\/\/www.ernstbrunn-apotheke.at\/katalog\/wp-json\/wp\/v2\/media\/131137"}],"wp:attachment":[{"href":"https:\/\/www.ernstbrunn-apotheke.at\/katalog\/wp-json\/wp\/v2\/media?parent=131135"}],"wp:term":[{"taxonomy":"product_brand","embeddable":true,"href":"https:\/\/www.ernstbrunn-apotheke.at\/katalog\/wp-json\/wp\/v2\/product_brand?post=131135"},{"taxonomy":"product_cat","embeddable":true,"href":"https:\/\/www.ernstbrunn-apotheke.at\/katalog\/wp-json\/wp\/v2\/product_cat?post=131135"},{"taxonomy":"product_tag","embeddable":true,"href":"https:\/\/www.ernstbrunn-apotheke.at\/katalog\/wp-json\/wp\/v2\/product_tag?post=131135"}],"curies":[{"name":"wp","href":"https:\/\/api.w.org\/{rel}","templated":true}]}}