{"id":131116,"date":"2025-11-13T17:51:50","date_gmt":"2025-11-13T16:51:50","guid":{"rendered":"https:\/\/www.ernstbrunn-apotheke.at\/katalog\/produkt\/riviera-med-cool-muskel-gelenke-gel-75-ml\/"},"modified":"2025-12-09T10:13:32","modified_gmt":"2025-12-09T09:13:32","slug":"riviera-med-cool-muskel-gelenke-gel-75-ml","status":"publish","type":"product","link":"https:\/\/www.ernstbrunn-apotheke.at\/katalog\/produkt\/riviera-med-cool-muskel-gelenke-gel-75-ml\/","title":{"rendered":"Riviera Med+ Cool Muskel &#038; Gelenke Gel 75 ml"},"content":{"rendered":"<p>COOL Muskel &#038; Gelenke Gel ist f\u00fcr Sportler und k\u00f6rperlich Aktive geeignet. Es ist ein k\u00fchlendes Gel zur \u00e4u\u00dferlichen Anwendung. Durch das Verdunsten von Alkohol entsteht intensive K\u00fchlung, die zur Linderung von Muskel- und Gelenksschmerzen sowie von Entz\u00fcndungen beitr\u00e4gt. COOL Muskel &#038; Gelenke Gel hilft bei Zerrungen, Prellungen und Verstauchungen. Bei Muskelkater und Muskelverh\u00e4rtungen wirkt das Gel lockernd<\/p>\n","protected":false},"excerpt":{"rendered":"<p>COOL Muskel &#038; Gelenke Gel ist f\u00fcr Sportler und k\u00f6rperlich Aktive geeignet. Es ist ein k\u00fchlendes Gel zur \u00e4u\u00dferlichen Anwendung. Durch das Verdunsten von Alkohol entsteht intensive K\u00fchlung, die zur Linderung von Muskel- und Gelenksschmerzen sowie von Entz\u00fcndungen beitr\u00e4gt. COOL Muskel &#038; Gelenke Gel hilft bei Zerrungen, Prellungen und Verstauchungen. Bei Muskelkater und Muskelverh\u00e4rtungen wirkt [&hellip;]<\/p>\n","protected":false},"featured_media":131118,"template":"","meta":{"_acf_changed":false},"product_brand":[],"product_cat":[808],"product_tag":[],"class_list":{"0":"post-131116","1":"product","2":"type-product","3":"status-publish","4":"has-post-thumbnail","6":"product_cat-r","7":"pa_packungsgroesse-75ml","9":"first","10":"instock","11":"shipping-taxable","12":"purchasable","13":"product-type-simple"},"acf":[],"_links":{"self":[{"href":"https:\/\/www.ernstbrunn-apotheke.at\/katalog\/wp-json\/wp\/v2\/product\/131116","targetHints":{"allow":["GET"]}}],"collection":[{"href":"https:\/\/www.ernstbrunn-apotheke.at\/katalog\/wp-json\/wp\/v2\/product"}],"about":[{"href":"https:\/\/www.ernstbrunn-apotheke.at\/katalog\/wp-json\/wp\/v2\/types\/product"}],"wp:featuredmedia":[{"embeddable":true,"href":"https:\/\/www.ernstbrunn-apotheke.at\/katalog\/wp-json\/wp\/v2\/media\/131118"}],"wp:attachment":[{"href":"https:\/\/www.ernstbrunn-apotheke.at\/katalog\/wp-json\/wp\/v2\/media?parent=131116"}],"wp:term":[{"taxonomy":"product_brand","embeddable":true,"href":"https:\/\/www.ernstbrunn-apotheke.at\/katalog\/wp-json\/wp\/v2\/product_brand?post=131116"},{"taxonomy":"product_cat","embeddable":true,"href":"https:\/\/www.ernstbrunn-apotheke.at\/katalog\/wp-json\/wp\/v2\/product_cat?post=131116"},{"taxonomy":"product_tag","embeddable":true,"href":"https:\/\/www.ernstbrunn-apotheke.at\/katalog\/wp-json\/wp\/v2\/product_tag?post=131116"}],"curies":[{"name":"wp","href":"https:\/\/api.w.org\/{rel}","templated":true}]}}