{"id":131077,"date":"2025-11-13T17:50:33","date_gmt":"2025-11-13T16:50:33","guid":{"rendered":"https:\/\/www.ernstbrunn-apotheke.at\/katalog\/produkt\/rezilin-basilikum-extrakt-haarkur-100-ml\/"},"modified":"2025-12-09T10:13:27","modified_gmt":"2025-12-09T09:13:27","slug":"rezilin-basilikum-extrakt-haarkur-100-ml","status":"publish","type":"product","link":"https:\/\/www.ernstbrunn-apotheke.at\/katalog\/produkt\/rezilin-basilikum-extrakt-haarkur-100-ml\/","title":{"rendered":"Rezilin Basilikum-Extrakt Haarkur 100 ml"},"content":{"rendered":"<p>Die Rezilin\u00ae Basilikum-Extrakt Haarkur f\u00fcr sowohl Frauen als auch M\u00e4nner! Sie schafft als nat\u00fcrliche Alternative Abhilfe bei (nicht krankheitsbedingtem) Haarausfall bis ins hohe Alter. Ohne Alkohol, Silikone, Parabene, Sulfate oder k\u00fcnstl. Konservierungsstoffe.<\/p>\n","protected":false},"excerpt":{"rendered":"<p>Die Rezilin\u00ae Basilikum-Extrakt Haarkur f\u00fcr sowohl Frauen als auch M\u00e4nner! Sie schafft als nat\u00fcrliche Alternative Abhilfe bei (nicht krankheitsbedingtem) Haarausfall bis ins hohe Alter. Ohne Alkohol, Silikone, Parabene, Sulfate oder k\u00fcnstl. Konservierungsstoffe.<\/p>\n","protected":false},"featured_media":131079,"template":"","meta":{"_acf_changed":false},"product_brand":[],"product_cat":[808],"product_tag":[],"class_list":{"0":"post-131077","1":"product","2":"type-product","3":"status-publish","4":"has-post-thumbnail","6":"product_cat-r","7":"pa_packungsgroesse-100ml","9":"first","10":"instock","11":"shipping-taxable","12":"purchasable","13":"product-type-simple"},"acf":[],"_links":{"self":[{"href":"https:\/\/www.ernstbrunn-apotheke.at\/katalog\/wp-json\/wp\/v2\/product\/131077","targetHints":{"allow":["GET"]}}],"collection":[{"href":"https:\/\/www.ernstbrunn-apotheke.at\/katalog\/wp-json\/wp\/v2\/product"}],"about":[{"href":"https:\/\/www.ernstbrunn-apotheke.at\/katalog\/wp-json\/wp\/v2\/types\/product"}],"wp:featuredmedia":[{"embeddable":true,"href":"https:\/\/www.ernstbrunn-apotheke.at\/katalog\/wp-json\/wp\/v2\/media\/131079"}],"wp:attachment":[{"href":"https:\/\/www.ernstbrunn-apotheke.at\/katalog\/wp-json\/wp\/v2\/media?parent=131077"}],"wp:term":[{"taxonomy":"product_brand","embeddable":true,"href":"https:\/\/www.ernstbrunn-apotheke.at\/katalog\/wp-json\/wp\/v2\/product_brand?post=131077"},{"taxonomy":"product_cat","embeddable":true,"href":"https:\/\/www.ernstbrunn-apotheke.at\/katalog\/wp-json\/wp\/v2\/product_cat?post=131077"},{"taxonomy":"product_tag","embeddable":true,"href":"https:\/\/www.ernstbrunn-apotheke.at\/katalog\/wp-json\/wp\/v2\/product_tag?post=131077"}],"curies":[{"name":"wp","href":"https:\/\/api.w.org\/{rel}","templated":true}]}}