{"id":131055,"date":"2025-11-13T17:50:22","date_gmt":"2025-11-13T16:50:22","guid":{"rendered":"https:\/\/www.ernstbrunn-apotheke.at\/katalog\/produkt\/restaxil-ump-b-komplex-kapseln-30-stk\/"},"modified":"2025-12-09T10:13:24","modified_gmt":"2025-12-09T09:13:24","slug":"restaxil-ump-b-komplex-kapseln-30-stk","status":"publish","type":"product","link":"https:\/\/www.ernstbrunn-apotheke.at\/katalog\/produkt\/restaxil-ump-b-komplex-kapseln-30-stk\/","title":{"rendered":"Restaxil UMP B-Komplex Kapseln 30 Stk."},"content":{"rendered":"<p>Restaxil UMP B-Komplex ist ein einzigartiges Pr\u00e4parat, welches das Nervensystem mit den wichtigsten Mikron\u00e4hrstoffen versorgt &#8211; damit sich das Nervensystem auch bei Mehrbedarf vollst\u00e4ndig regenerieren kann.<\/p>\n","protected":false},"excerpt":{"rendered":"<p>Restaxil UMP B-Komplex ist ein einzigartiges Pr\u00e4parat, welches das Nervensystem mit den wichtigsten Mikron\u00e4hrstoffen versorgt &#8211; damit sich das Nervensystem auch bei Mehrbedarf vollst\u00e4ndig regenerieren kann.<\/p>\n","protected":false},"featured_media":131057,"template":"","meta":{"_acf_changed":false},"product_brand":[],"product_cat":[808],"product_tag":[],"class_list":{"0":"post-131055","1":"product","2":"type-product","3":"status-publish","4":"has-post-thumbnail","6":"product_cat-r","7":"pa_packungsgroesse-30-stueck","9":"first","10":"instock","11":"shipping-taxable","12":"purchasable","13":"product-type-simple"},"acf":[],"_links":{"self":[{"href":"https:\/\/www.ernstbrunn-apotheke.at\/katalog\/wp-json\/wp\/v2\/product\/131055","targetHints":{"allow":["GET"]}}],"collection":[{"href":"https:\/\/www.ernstbrunn-apotheke.at\/katalog\/wp-json\/wp\/v2\/product"}],"about":[{"href":"https:\/\/www.ernstbrunn-apotheke.at\/katalog\/wp-json\/wp\/v2\/types\/product"}],"wp:featuredmedia":[{"embeddable":true,"href":"https:\/\/www.ernstbrunn-apotheke.at\/katalog\/wp-json\/wp\/v2\/media\/131057"}],"wp:attachment":[{"href":"https:\/\/www.ernstbrunn-apotheke.at\/katalog\/wp-json\/wp\/v2\/media?parent=131055"}],"wp:term":[{"taxonomy":"product_brand","embeddable":true,"href":"https:\/\/www.ernstbrunn-apotheke.at\/katalog\/wp-json\/wp\/v2\/product_brand?post=131055"},{"taxonomy":"product_cat","embeddable":true,"href":"https:\/\/www.ernstbrunn-apotheke.at\/katalog\/wp-json\/wp\/v2\/product_cat?post=131055"},{"taxonomy":"product_tag","embeddable":true,"href":"https:\/\/www.ernstbrunn-apotheke.at\/katalog\/wp-json\/wp\/v2\/product_tag?post=131055"}],"curies":[{"name":"wp","href":"https:\/\/api.w.org\/{rel}","templated":true}]}}