{"id":13104,"date":"2025-11-07T15:01:04","date_gmt":"2025-11-07T14:01:04","guid":{"rendered":"https:\/\/www.ernstbrunn-apotheke.at\/katalog\/produkt\/doralgomed-mobil-kapseln-90-stk\/"},"modified":"2025-12-08T13:34:43","modified_gmt":"2025-12-08T12:34:43","slug":"doralgomed-mobil-kapseln-90-stk","status":"publish","type":"product","link":"https:\/\/www.ernstbrunn-apotheke.at\/katalog\/produkt\/doralgomed-mobil-kapseln-90-stk\/","title":{"rendered":"doralgomed Mobil-Kapseln 90 Stk."},"content":{"rendered":"<p>doralgomed Mobil-Kapseln dienen zur di\u00e4tetischen Behandlung von schmerzhaften Bewegungseinschr\u00e4nkungen im Bereich der Wirbels\u00e4ule (Wirbels\u00e4ulensyndrom), Neuralgien und Polyneuropathien.<\/p>\n","protected":false},"excerpt":{"rendered":"<p>doralgomed Mobil-Kapseln dienen zur di\u00e4tetischen Behandlung von schmerzhaften Bewegungseinschr\u00e4nkungen im Bereich der Wirbels\u00e4ule (Wirbels\u00e4ulensyndrom), Neuralgien und Polyneuropathien.<\/p>\n","protected":false},"featured_media":13106,"template":"","meta":{"_acf_changed":false},"product_brand":[],"product_cat":[792],"product_tag":[],"class_list":{"0":"post-13104","1":"product","2":"type-product","3":"status-publish","4":"has-post-thumbnail","6":"product_cat-d","7":"pa_packungsgroesse-90-stueck","9":"first","10":"instock","11":"shipping-taxable","12":"purchasable","13":"product-type-simple"},"acf":[],"_links":{"self":[{"href":"https:\/\/www.ernstbrunn-apotheke.at\/katalog\/wp-json\/wp\/v2\/product\/13104","targetHints":{"allow":["GET"]}}],"collection":[{"href":"https:\/\/www.ernstbrunn-apotheke.at\/katalog\/wp-json\/wp\/v2\/product"}],"about":[{"href":"https:\/\/www.ernstbrunn-apotheke.at\/katalog\/wp-json\/wp\/v2\/types\/product"}],"wp:featuredmedia":[{"embeddable":true,"href":"https:\/\/www.ernstbrunn-apotheke.at\/katalog\/wp-json\/wp\/v2\/media\/13106"}],"wp:attachment":[{"href":"https:\/\/www.ernstbrunn-apotheke.at\/katalog\/wp-json\/wp\/v2\/media?parent=13104"}],"wp:term":[{"taxonomy":"product_brand","embeddable":true,"href":"https:\/\/www.ernstbrunn-apotheke.at\/katalog\/wp-json\/wp\/v2\/product_brand?post=13104"},{"taxonomy":"product_cat","embeddable":true,"href":"https:\/\/www.ernstbrunn-apotheke.at\/katalog\/wp-json\/wp\/v2\/product_cat?post=13104"},{"taxonomy":"product_tag","embeddable":true,"href":"https:\/\/www.ernstbrunn-apotheke.at\/katalog\/wp-json\/wp\/v2\/product_tag?post=13104"}],"curies":[{"name":"wp","href":"https:\/\/api.w.org\/{rel}","templated":true}]}}