{"id":131031,"date":"2025-11-13T17:49:46","date_gmt":"2025-11-13T16:49:46","guid":{"rendered":"https:\/\/www.ernstbrunn-apotheke.at\/katalog\/produkt\/rescue-pastillen-zitrone-50-g\/"},"modified":"2025-12-09T10:13:22","modified_gmt":"2025-12-09T09:13:22","slug":"rescue-pastillen-zitrone-50-g","status":"publish","type":"product","link":"https:\/\/www.ernstbrunn-apotheke.at\/katalog\/produkt\/rescue-pastillen-zitrone-50-g\/","title":{"rendered":"RESCUE Pastillen Zitrone 50 g"},"content":{"rendered":"<p>RESCUE\u00ae ist eine Mischung aus den OriginalBach-Bl\u00fctenessenzen\u00ae: Rock Rose, Clematis,Impatiens, Cherry Plum, Star of Bethlehem.Original Bach RESCUE\u00ae Pastillen k\u00f6nnen inemotional herausfordernden SituationenUnterst\u00fctzung bieten und zur Beruhigungbeitragen.Bonbons zum Lutschen mit Zitronen-Geschmack. Zuckerfrei, mit S\u00fc\u00dfungsmitteln.<\/p>\n","protected":false},"excerpt":{"rendered":"<p>RESCUE\u00ae ist eine Mischung aus den OriginalBach-Bl\u00fctenessenzen\u00ae: Rock Rose, Clematis,Impatiens, Cherry Plum, Star of Bethlehem.Original Bach RESCUE\u00ae Pastillen k\u00f6nnen inemotional herausfordernden SituationenUnterst\u00fctzung bieten und zur Beruhigungbeitragen.Bonbons zum Lutschen mit Zitronen-Geschmack. Zuckerfrei, mit S\u00fc\u00dfungsmitteln.<\/p>\n","protected":false},"featured_media":131033,"template":"","meta":{"_acf_changed":false},"product_brand":[],"product_cat":[808],"product_tag":[],"class_list":{"0":"post-131031","1":"product","2":"type-product","3":"status-publish","4":"has-post-thumbnail","6":"product_cat-r","7":"pa_packungsgroesse-50g","9":"first","10":"instock","11":"shipping-taxable","12":"purchasable","13":"product-type-simple"},"acf":[],"_links":{"self":[{"href":"https:\/\/www.ernstbrunn-apotheke.at\/katalog\/wp-json\/wp\/v2\/product\/131031","targetHints":{"allow":["GET"]}}],"collection":[{"href":"https:\/\/www.ernstbrunn-apotheke.at\/katalog\/wp-json\/wp\/v2\/product"}],"about":[{"href":"https:\/\/www.ernstbrunn-apotheke.at\/katalog\/wp-json\/wp\/v2\/types\/product"}],"wp:featuredmedia":[{"embeddable":true,"href":"https:\/\/www.ernstbrunn-apotheke.at\/katalog\/wp-json\/wp\/v2\/media\/131033"}],"wp:attachment":[{"href":"https:\/\/www.ernstbrunn-apotheke.at\/katalog\/wp-json\/wp\/v2\/media?parent=131031"}],"wp:term":[{"taxonomy":"product_brand","embeddable":true,"href":"https:\/\/www.ernstbrunn-apotheke.at\/katalog\/wp-json\/wp\/v2\/product_brand?post=131031"},{"taxonomy":"product_cat","embeddable":true,"href":"https:\/\/www.ernstbrunn-apotheke.at\/katalog\/wp-json\/wp\/v2\/product_cat?post=131031"},{"taxonomy":"product_tag","embeddable":true,"href":"https:\/\/www.ernstbrunn-apotheke.at\/katalog\/wp-json\/wp\/v2\/product_tag?post=131031"}],"curies":[{"name":"wp","href":"https:\/\/api.w.org\/{rel}","templated":true}]}}