{"id":131024,"date":"2025-11-13T17:49:18","date_gmt":"2025-11-13T16:49:18","guid":{"rendered":"https:\/\/www.ernstbrunn-apotheke.at\/katalog\/produkt\/rescue-night-spray-20-ml\/"},"modified":"2025-12-09T10:13:20","modified_gmt":"2025-12-09T09:13:20","slug":"rescue-night-spray-20-ml","status":"publish","type":"product","link":"https:\/\/www.ernstbrunn-apotheke.at\/katalog\/produkt\/rescue-night-spray-20-ml\/","title":{"rendered":"RESCUE Night Spray 20 ml"},"content":{"rendered":"<p>RESCUE NIGHT\u00ae ist eine Kombination aus derOriginal Bach\u00ae-Bl\u00fctenmischung RESCUE\u00ae undder Original Bach\u00ae-Bl\u00fctenessenz White Chestnut(Wei\u00dfe Kastanie).White Chestnut ist Gef\u00fchlen der Unruhezugeordnet, z.B. wenn sich die Gedanken immerum dasselbe drehen.Die 38 Original Bach-Bl\u00fctenessenzen\u00ae &#038; dieOriginal Bach\u00ae-Bl\u00fctenmischung RESCUE\u00aewurde in den 1930er Jahren von dem Engl\u00e4nderEdward Bach konzipiert.<\/p>\n","protected":false},"excerpt":{"rendered":"<p>RESCUE NIGHT\u00ae ist eine Kombination aus derOriginal Bach\u00ae-Bl\u00fctenmischung RESCUE\u00ae undder Original Bach\u00ae-Bl\u00fctenessenz White Chestnut(Wei\u00dfe Kastanie).White Chestnut ist Gef\u00fchlen der Unruhezugeordnet, z.B. wenn sich die Gedanken immerum dasselbe drehen.Die 38 Original Bach-Bl\u00fctenessenzen\u00ae &#038; dieOriginal Bach\u00ae-Bl\u00fctenmischung RESCUE\u00aewurde in den 1930er Jahren von dem Engl\u00e4nderEdward Bach konzipiert.<\/p>\n","protected":false},"featured_media":131026,"template":"","meta":{"_acf_changed":false},"product_brand":[],"product_cat":[808],"product_tag":[],"class_list":{"0":"post-131024","1":"product","2":"type-product","3":"status-publish","4":"has-post-thumbnail","6":"product_cat-r","7":"pa_packungsgroesse-20ml","9":"first","10":"instock","11":"shipping-taxable","12":"purchasable","13":"product-type-simple"},"acf":[],"_links":{"self":[{"href":"https:\/\/www.ernstbrunn-apotheke.at\/katalog\/wp-json\/wp\/v2\/product\/131024","targetHints":{"allow":["GET"]}}],"collection":[{"href":"https:\/\/www.ernstbrunn-apotheke.at\/katalog\/wp-json\/wp\/v2\/product"}],"about":[{"href":"https:\/\/www.ernstbrunn-apotheke.at\/katalog\/wp-json\/wp\/v2\/types\/product"}],"wp:featuredmedia":[{"embeddable":true,"href":"https:\/\/www.ernstbrunn-apotheke.at\/katalog\/wp-json\/wp\/v2\/media\/131026"}],"wp:attachment":[{"href":"https:\/\/www.ernstbrunn-apotheke.at\/katalog\/wp-json\/wp\/v2\/media?parent=131024"}],"wp:term":[{"taxonomy":"product_brand","embeddable":true,"href":"https:\/\/www.ernstbrunn-apotheke.at\/katalog\/wp-json\/wp\/v2\/product_brand?post=131024"},{"taxonomy":"product_cat","embeddable":true,"href":"https:\/\/www.ernstbrunn-apotheke.at\/katalog\/wp-json\/wp\/v2\/product_cat?post=131024"},{"taxonomy":"product_tag","embeddable":true,"href":"https:\/\/www.ernstbrunn-apotheke.at\/katalog\/wp-json\/wp\/v2\/product_tag?post=131024"}],"curies":[{"name":"wp","href":"https:\/\/api.w.org\/{rel}","templated":true}]}}