{"id":130926,"date":"2025-11-13T17:47:15","date_gmt":"2025-11-13T16:47:15","guid":{"rendered":"https:\/\/www.ernstbrunn-apotheke.at\/katalog\/produkt\/regenaplex-nr-23e-30-ml\/"},"modified":"2025-12-09T10:13:05","modified_gmt":"2025-12-09T09:13:05","slug":"regenaplex-nr-23e-30-ml","status":"publish","type":"product","link":"https:\/\/www.ernstbrunn-apotheke.at\/katalog\/produkt\/regenaplex-nr-23e-30-ml\/","title":{"rendered":"Regenaplex Nr. 23E 30 ml"},"content":{"rendered":"<p>Regenaplex Nr. 23E ist ein &#8222;Hom\u00f6opathisches Multivitamin&#8220;, das gegen Fr\u00fchjahrsm\u00fcdigkeit einesetzt wird. Au\u00dferdem ist es ein Aufbaumittel, das nach Krankheiten, wie zum Beispiel postinfekti\u00f6se An\u00e4mie hilft. Die quasi nach einem Baukastensystem zusammengestellten Regenaplexe sind hom\u00f6opathische Komplexmittel mit jeweiligen Nummernbezeichnungen &#8211; alle Produkte von Regenaplex mit hohem Rabatt bestellen!<\/p>\n","protected":false},"excerpt":{"rendered":"<p>Regenaplex Nr. 23E ist ein &#8222;Hom\u00f6opathisches Multivitamin&#8220;, das gegen Fr\u00fchjahrsm\u00fcdigkeit einesetzt wird. Au\u00dferdem ist es ein Aufbaumittel, das nach Krankheiten, wie zum Beispiel postinfekti\u00f6se An\u00e4mie hilft. Die quasi nach einem Baukastensystem zusammengestellten Regenaplexe sind hom\u00f6opathische Komplexmittel mit jeweiligen Nummernbezeichnungen &#8211; alle Produkte von Regenaplex mit hohem Rabatt bestellen!<\/p>\n","protected":false},"featured_media":130928,"template":"","meta":{"_acf_changed":false},"product_brand":[],"product_cat":[808],"product_tag":[],"class_list":{"0":"post-130926","1":"product","2":"type-product","3":"status-publish","4":"has-post-thumbnail","6":"product_cat-r","7":"pa_packungsgroesse-30ml","9":"first","10":"instock","11":"shipping-taxable","12":"purchasable","13":"product-type-simple"},"acf":[],"_links":{"self":[{"href":"https:\/\/www.ernstbrunn-apotheke.at\/katalog\/wp-json\/wp\/v2\/product\/130926","targetHints":{"allow":["GET"]}}],"collection":[{"href":"https:\/\/www.ernstbrunn-apotheke.at\/katalog\/wp-json\/wp\/v2\/product"}],"about":[{"href":"https:\/\/www.ernstbrunn-apotheke.at\/katalog\/wp-json\/wp\/v2\/types\/product"}],"wp:featuredmedia":[{"embeddable":true,"href":"https:\/\/www.ernstbrunn-apotheke.at\/katalog\/wp-json\/wp\/v2\/media\/130928"}],"wp:attachment":[{"href":"https:\/\/www.ernstbrunn-apotheke.at\/katalog\/wp-json\/wp\/v2\/media?parent=130926"}],"wp:term":[{"taxonomy":"product_brand","embeddable":true,"href":"https:\/\/www.ernstbrunn-apotheke.at\/katalog\/wp-json\/wp\/v2\/product_brand?post=130926"},{"taxonomy":"product_cat","embeddable":true,"href":"https:\/\/www.ernstbrunn-apotheke.at\/katalog\/wp-json\/wp\/v2\/product_cat?post=130926"},{"taxonomy":"product_tag","embeddable":true,"href":"https:\/\/www.ernstbrunn-apotheke.at\/katalog\/wp-json\/wp\/v2\/product_tag?post=130926"}],"curies":[{"name":"wp","href":"https:\/\/api.w.org\/{rel}","templated":true}]}}