{"id":130871,"date":"2025-11-13T17:46:04","date_gmt":"2025-11-13T16:46:04","guid":{"rendered":"https:\/\/www.ernstbrunn-apotheke.at\/katalog\/produkt\/rachen-baer-oraler-spray-30-ml\/"},"modified":"2025-12-09T10:12:54","modified_gmt":"2025-12-09T09:12:54","slug":"rachen-baer-oraler-spray-30-ml","status":"publish","type":"product","link":"https:\/\/www.ernstbrunn-apotheke.at\/katalog\/produkt\/rachen-baer-oraler-spray-30-ml\/","title":{"rendered":"Rachen B\u00e4r oraler Spray 30 ml"},"content":{"rendered":"<p>Rachen B\u00e4r ist ein oraler Spray mit einer speziellen Zusammensetzung aus Propolis, Acerola und \u00e4therischen \u00d6len, der bei allen Reizungen der Rachenschleimhaut eingesetzt werden kann (z.B. Erk\u00e4ltungen, Allergien etc.). Er bildet einen muco-adh\u00e4siven Film und sch\u00fctzt die Schleimhaut. Besonders geeignet f\u00fcr Kinder ab 1 Jahr.<\/p>\n","protected":false},"excerpt":{"rendered":"<p>Rachen B\u00e4r ist ein oraler Spray mit einer speziellen Zusammensetzung aus Propolis, Acerola und \u00e4therischen \u00d6len, der bei allen Reizungen der Rachenschleimhaut eingesetzt werden kann (z.B. Erk\u00e4ltungen, Allergien etc.). Er bildet einen muco-adh\u00e4siven Film und sch\u00fctzt die Schleimhaut. Besonders geeignet f\u00fcr Kinder ab 1 Jahr.<\/p>\n","protected":false},"featured_media":130873,"template":"","meta":{"_acf_changed":false},"product_brand":[],"product_cat":[808],"product_tag":[],"class_list":{"0":"post-130871","1":"product","2":"type-product","3":"status-publish","4":"has-post-thumbnail","6":"product_cat-r","7":"pa_packungsgroesse-30ml","9":"first","10":"instock","11":"shipping-taxable","12":"purchasable","13":"product-type-simple"},"acf":[],"_links":{"self":[{"href":"https:\/\/www.ernstbrunn-apotheke.at\/katalog\/wp-json\/wp\/v2\/product\/130871","targetHints":{"allow":["GET"]}}],"collection":[{"href":"https:\/\/www.ernstbrunn-apotheke.at\/katalog\/wp-json\/wp\/v2\/product"}],"about":[{"href":"https:\/\/www.ernstbrunn-apotheke.at\/katalog\/wp-json\/wp\/v2\/types\/product"}],"wp:featuredmedia":[{"embeddable":true,"href":"https:\/\/www.ernstbrunn-apotheke.at\/katalog\/wp-json\/wp\/v2\/media\/130873"}],"wp:attachment":[{"href":"https:\/\/www.ernstbrunn-apotheke.at\/katalog\/wp-json\/wp\/v2\/media?parent=130871"}],"wp:term":[{"taxonomy":"product_brand","embeddable":true,"href":"https:\/\/www.ernstbrunn-apotheke.at\/katalog\/wp-json\/wp\/v2\/product_brand?post=130871"},{"taxonomy":"product_cat","embeddable":true,"href":"https:\/\/www.ernstbrunn-apotheke.at\/katalog\/wp-json\/wp\/v2\/product_cat?post=130871"},{"taxonomy":"product_tag","embeddable":true,"href":"https:\/\/www.ernstbrunn-apotheke.at\/katalog\/wp-json\/wp\/v2\/product_tag?post=130871"}],"curies":[{"name":"wp","href":"https:\/\/api.w.org\/{rel}","templated":true}]}}