{"id":130715,"date":"2025-11-13T17:42:42","date_gmt":"2025-11-13T16:42:42","guid":{"rendered":"https:\/\/www.ernstbrunn-apotheke.at\/katalog\/produkt\/promanum-pure-haendedesinfektionsmittel-500-ml\/"},"modified":"2025-12-09T10:12:22","modified_gmt":"2025-12-09T09:12:22","slug":"promanum-pure-haendedesinfektionsmittel-500-ml","status":"publish","type":"product","link":"https:\/\/www.ernstbrunn-apotheke.at\/katalog\/produkt\/promanum-pure-haendedesinfektionsmittel-500-ml\/","title":{"rendered":"Promanum Pure H\u00e4ndedesinfektionsmittel 500 ml"},"content":{"rendered":"<p>Promanum Pure H\u00e4ndedesinfektionsmittel ist eine alkoholische H\u00e4ndedesinfektion, welche sich durch ein breites Anwendungs- und Wirkungsspektrum auszeichnet. Enth\u00e4lt ausgesuchte Pflegesubstanzen.<\/p>\n","protected":false},"excerpt":{"rendered":"<p>Promanum Pure H\u00e4ndedesinfektionsmittel ist eine alkoholische H\u00e4ndedesinfektion, welche sich durch ein breites Anwendungs- und Wirkungsspektrum auszeichnet. Enth\u00e4lt ausgesuchte Pflegesubstanzen.<\/p>\n","protected":false},"featured_media":130717,"template":"","meta":{"_acf_changed":false},"product_brand":[],"product_cat":[793],"product_tag":[],"class_list":{"0":"post-130715","1":"product","2":"type-product","3":"status-publish","4":"has-post-thumbnail","6":"product_cat-p","7":"pa_packungsgroesse-500ml","9":"first","10":"instock","11":"shipping-taxable","12":"purchasable","13":"product-type-simple"},"acf":[],"_links":{"self":[{"href":"https:\/\/www.ernstbrunn-apotheke.at\/katalog\/wp-json\/wp\/v2\/product\/130715","targetHints":{"allow":["GET"]}}],"collection":[{"href":"https:\/\/www.ernstbrunn-apotheke.at\/katalog\/wp-json\/wp\/v2\/product"}],"about":[{"href":"https:\/\/www.ernstbrunn-apotheke.at\/katalog\/wp-json\/wp\/v2\/types\/product"}],"wp:featuredmedia":[{"embeddable":true,"href":"https:\/\/www.ernstbrunn-apotheke.at\/katalog\/wp-json\/wp\/v2\/media\/130717"}],"wp:attachment":[{"href":"https:\/\/www.ernstbrunn-apotheke.at\/katalog\/wp-json\/wp\/v2\/media?parent=130715"}],"wp:term":[{"taxonomy":"product_brand","embeddable":true,"href":"https:\/\/www.ernstbrunn-apotheke.at\/katalog\/wp-json\/wp\/v2\/product_brand?post=130715"},{"taxonomy":"product_cat","embeddable":true,"href":"https:\/\/www.ernstbrunn-apotheke.at\/katalog\/wp-json\/wp\/v2\/product_cat?post=130715"},{"taxonomy":"product_tag","embeddable":true,"href":"https:\/\/www.ernstbrunn-apotheke.at\/katalog\/wp-json\/wp\/v2\/product_tag?post=130715"}],"curies":[{"name":"wp","href":"https:\/\/api.w.org\/{rel}","templated":true}]}}