{"id":13071,"date":"2025-11-07T15:01:04","date_gmt":"2025-11-07T14:01:04","guid":{"rendered":"https:\/\/www.ernstbrunn-apotheke.at\/katalog\/produkt\/mag-pfeiffers-gelenkskapseln-270-kapseln-3-monats-kurpackung\/"},"modified":"2025-12-08T13:34:38","modified_gmt":"2025-12-08T12:34:38","slug":"mag-pfeiffers-gelenkskapseln-270-kapseln-3-monats-kurpackung","status":"publish","type":"product","link":"https:\/\/www.ernstbrunn-apotheke.at\/katalog\/produkt\/mag-pfeiffers-gelenkskapseln-270-kapseln-3-monats-kurpackung\/","title":{"rendered":"Mag. Pfeiffer&#8217;s\u00ae Gelenkskapseln 270 Kapseln (3 Monats Kurpackung)"},"content":{"rendered":"<p>Mag. Pfeiffer\u2019s\u00ae Gelenkskapseln sind ein Nahrungserg\u00e4nzungsmittel f\u00fcr gesunde Knorpel, Gelenke und Bindegewebe. Die Kapseln werden aus standardisierten, sorgf\u00e4ltig ausgew\u00e4hlten Rohstoffquellen hergestellt. Die einzigartige Zusammensetzung bewirkt einen optimalen Synergieeffekt &#8211; jetzt alle Produkte von Mag. Pfeiffer zum Sonderpreis bestellen!<\/p>\n","protected":false},"excerpt":{"rendered":"<p>Mag. Pfeiffer\u2019s\u00ae Gelenkskapseln sind ein Nahrungserg\u00e4nzungsmittel f\u00fcr gesunde Knorpel, Gelenke und Bindegewebe. Die Kapseln werden aus standardisierten, sorgf\u00e4ltig ausgew\u00e4hlten Rohstoffquellen hergestellt. Die einzigartige Zusammensetzung bewirkt einen optimalen Synergieeffekt &#8211; jetzt alle Produkte von Mag. Pfeiffer zum Sonderpreis bestellen!<\/p>\n","protected":false},"featured_media":13073,"template":"","meta":{"_acf_changed":false},"product_brand":[498],"product_cat":[800],"product_tag":[],"class_list":{"0":"post-13071","1":"product","2":"type-product","3":"status-publish","4":"has-post-thumbnail","6":"product_brand-mag-pfeiffers","7":"product_cat-m","8":"pa_geschmack-1-monatspackung-90-kapseln","9":"pa_packungsgroesse-270-stueck","10":"pa_packungsgroesse-90-stueck","12":"first","13":"instock","14":"shipping-taxable","15":"purchasable","16":"product-type-simple"},"acf":[],"_links":{"self":[{"href":"https:\/\/www.ernstbrunn-apotheke.at\/katalog\/wp-json\/wp\/v2\/product\/13071","targetHints":{"allow":["GET"]}}],"collection":[{"href":"https:\/\/www.ernstbrunn-apotheke.at\/katalog\/wp-json\/wp\/v2\/product"}],"about":[{"href":"https:\/\/www.ernstbrunn-apotheke.at\/katalog\/wp-json\/wp\/v2\/types\/product"}],"wp:featuredmedia":[{"embeddable":true,"href":"https:\/\/www.ernstbrunn-apotheke.at\/katalog\/wp-json\/wp\/v2\/media\/13073"}],"wp:attachment":[{"href":"https:\/\/www.ernstbrunn-apotheke.at\/katalog\/wp-json\/wp\/v2\/media?parent=13071"}],"wp:term":[{"taxonomy":"product_brand","embeddable":true,"href":"https:\/\/www.ernstbrunn-apotheke.at\/katalog\/wp-json\/wp\/v2\/product_brand?post=13071"},{"taxonomy":"product_cat","embeddable":true,"href":"https:\/\/www.ernstbrunn-apotheke.at\/katalog\/wp-json\/wp\/v2\/product_cat?post=13071"},{"taxonomy":"product_tag","embeddable":true,"href":"https:\/\/www.ernstbrunn-apotheke.at\/katalog\/wp-json\/wp\/v2\/product_tag?post=13071"}],"curies":[{"name":"wp","href":"https:\/\/api.w.org\/{rel}","templated":true}]}}