{"id":130567,"date":"2025-11-13T17:40:15","date_gmt":"2025-11-13T16:40:15","guid":{"rendered":"https:\/\/www.ernstbrunn-apotheke.at\/katalog\/produkt\/abs-phyto-phytocran-kapseln-60-stk\/"},"modified":"2025-12-09T10:11:47","modified_gmt":"2025-12-09T09:11:47","slug":"abs-phyto-phytocran-kapseln-60-stk","status":"publish","type":"product","link":"https:\/\/www.ernstbrunn-apotheke.at\/katalog\/produkt\/abs-phyto-phytocran-kapseln-60-stk\/","title":{"rendered":"ABS Phyto Phytocran Kapseln 60 Stk."},"content":{"rendered":"<p>ABS Phyto Phytocran Kapseln helfen gegen Unruhe und seelische Spannungszust\u00e4nde. Au\u00dferdem bek\u00e4mpfen diese Kapseln nerv\u00f6se Schlaf- und Einschlafst\u00f6rungen.<\/p>\n","protected":false},"excerpt":{"rendered":"<p>ABS Phyto Phytocran Kapseln helfen gegen Unruhe und seelische Spannungszust\u00e4nde. Au\u00dferdem bek\u00e4mpfen diese Kapseln nerv\u00f6se Schlaf- und Einschlafst\u00f6rungen.<\/p>\n","protected":false},"featured_media":0,"template":"","meta":{"_acf_changed":false},"product_brand":[],"product_cat":[801],"product_tag":[],"class_list":{"0":"post-130567","1":"product","2":"type-product","3":"status-publish","5":"product_cat-a","6":"pa_packungsgroesse-60-stueck","8":"first","9":"instock","10":"shipping-taxable","11":"purchasable","12":"product-type-simple"},"acf":[],"_links":{"self":[{"href":"https:\/\/www.ernstbrunn-apotheke.at\/katalog\/wp-json\/wp\/v2\/product\/130567","targetHints":{"allow":["GET"]}}],"collection":[{"href":"https:\/\/www.ernstbrunn-apotheke.at\/katalog\/wp-json\/wp\/v2\/product"}],"about":[{"href":"https:\/\/www.ernstbrunn-apotheke.at\/katalog\/wp-json\/wp\/v2\/types\/product"}],"wp:attachment":[{"href":"https:\/\/www.ernstbrunn-apotheke.at\/katalog\/wp-json\/wp\/v2\/media?parent=130567"}],"wp:term":[{"taxonomy":"product_brand","embeddable":true,"href":"https:\/\/www.ernstbrunn-apotheke.at\/katalog\/wp-json\/wp\/v2\/product_brand?post=130567"},{"taxonomy":"product_cat","embeddable":true,"href":"https:\/\/www.ernstbrunn-apotheke.at\/katalog\/wp-json\/wp\/v2\/product_cat?post=130567"},{"taxonomy":"product_tag","embeddable":true,"href":"https:\/\/www.ernstbrunn-apotheke.at\/katalog\/wp-json\/wp\/v2\/product_tag?post=130567"}],"curies":[{"name":"wp","href":"https:\/\/api.w.org\/{rel}","templated":true}]}}