{"id":130132,"date":"2025-11-13T17:29:59","date_gmt":"2025-11-13T16:29:59","guid":{"rendered":"https:\/\/www.ernstbrunn-apotheke.at\/katalog\/produkt\/life-light-quinomit-fluid-30-ml\/"},"modified":"2025-12-09T10:10:30","modified_gmt":"2025-12-09T09:10:30","slug":"life-light-quinomit-fluid-30-ml","status":"publish","type":"product","link":"https:\/\/www.ernstbrunn-apotheke.at\/katalog\/produkt\/life-light-quinomit-fluid-30-ml\/","title":{"rendered":"Life Light Quinomit Fluid 30 ml"},"content":{"rendered":"<p>Life Light Quinomit Fluid tr\u00e4gt zu einer normalen Funktion des Nervensystems, zu einer normalen psychischen Funktion, zur Erhaltung normaler Haut und Schleimh\u00e4ute und zu einer Verringerung von M\u00fcdigkeit und Erm\u00fcdung bei. Dar\u00fcber hinaus unterst\u00fctzt das Produkt den Energiestoffwechsel.<\/p>\n","protected":false},"excerpt":{"rendered":"<p>Life Light Quinomit Fluid tr\u00e4gt zu einer normalen Funktion des Nervensystems, zu einer normalen psychischen Funktion, zur Erhaltung normaler Haut und Schleimh\u00e4ute und zu einer Verringerung von M\u00fcdigkeit und Erm\u00fcdung bei. Dar\u00fcber hinaus unterst\u00fctzt das Produkt den Energiestoffwechsel.<\/p>\n","protected":false},"featured_media":130134,"template":"","meta":{"_acf_changed":false},"product_brand":[],"product_cat":[795],"product_tag":[],"class_list":{"0":"post-130132","1":"product","2":"type-product","3":"status-publish","4":"has-post-thumbnail","6":"product_cat-l","7":"pa_packungsgroesse-30ml","9":"first","10":"instock","11":"shipping-taxable","12":"purchasable","13":"product-type-simple"},"acf":[],"_links":{"self":[{"href":"https:\/\/www.ernstbrunn-apotheke.at\/katalog\/wp-json\/wp\/v2\/product\/130132","targetHints":{"allow":["GET"]}}],"collection":[{"href":"https:\/\/www.ernstbrunn-apotheke.at\/katalog\/wp-json\/wp\/v2\/product"}],"about":[{"href":"https:\/\/www.ernstbrunn-apotheke.at\/katalog\/wp-json\/wp\/v2\/types\/product"}],"wp:featuredmedia":[{"embeddable":true,"href":"https:\/\/www.ernstbrunn-apotheke.at\/katalog\/wp-json\/wp\/v2\/media\/130134"}],"wp:attachment":[{"href":"https:\/\/www.ernstbrunn-apotheke.at\/katalog\/wp-json\/wp\/v2\/media?parent=130132"}],"wp:term":[{"taxonomy":"product_brand","embeddable":true,"href":"https:\/\/www.ernstbrunn-apotheke.at\/katalog\/wp-json\/wp\/v2\/product_brand?post=130132"},{"taxonomy":"product_cat","embeddable":true,"href":"https:\/\/www.ernstbrunn-apotheke.at\/katalog\/wp-json\/wp\/v2\/product_cat?post=130132"},{"taxonomy":"product_tag","embeddable":true,"href":"https:\/\/www.ernstbrunn-apotheke.at\/katalog\/wp-json\/wp\/v2\/product_tag?post=130132"}],"curies":[{"name":"wp","href":"https:\/\/api.w.org\/{rel}","templated":true}]}}