{"id":130109,"date":"2025-11-13T17:29:16","date_gmt":"2025-11-13T16:29:16","guid":{"rendered":"https:\/\/www.ernstbrunn-apotheke.at\/katalog\/produkt\/weleda-quarz-d-12-trituration-20-g-d-12-trituration\/"},"modified":"2025-12-09T10:10:27","modified_gmt":"2025-12-09T09:10:27","slug":"weleda-quarz-d-12-trituration-20-g-d-12-trituration","status":"publish","type":"product","link":"https:\/\/www.ernstbrunn-apotheke.at\/katalog\/produkt\/weleda-quarz-d-12-trituration-20-g-d-12-trituration\/","title":{"rendered":"Weleda Quarz D 12 Trituration 20 g D 12 Trituration"},"content":{"rendered":"<p>Weleda Quarz hilft bei Problemen mit Haut, N\u00e4geln, Knochen und Z\u00e4hnen. Dar\u00fcber hinaus wird es bei langsamen eitrigen Prozessen wie Fisteln und Abzessen oder Dr\u00fcsenschwellungen, Nebenh\u00f6hlen-, Ohr- und Mandelentz\u00fcndungen eingesetzt. Silicea hilft au\u00dferdem bei Schmerzen im Hinterkopf, die vom Nacken ausgehen und sich \u00fcber den Augen festsetzen sowie bei schwer abgehendem bzw. zur\u00fcckschl\u00fcpfendem Stuhl.<\/p>\n","protected":false},"excerpt":{"rendered":"<p>Weleda Quarz hilft bei Problemen mit Haut, N\u00e4geln, Knochen und Z\u00e4hnen. Dar\u00fcber hinaus wird es bei langsamen eitrigen Prozessen wie Fisteln und Abzessen oder Dr\u00fcsenschwellungen, Nebenh\u00f6hlen-, Ohr- und Mandelentz\u00fcndungen eingesetzt. Silicea hilft au\u00dferdem bei Schmerzen im Hinterkopf, die vom Nacken ausgehen und sich \u00fcber den Augen festsetzen sowie bei schwer abgehendem bzw. zur\u00fcckschl\u00fcpfendem Stuhl.<\/p>\n","protected":false},"featured_media":130111,"template":"","meta":{"_acf_changed":false},"product_brand":[567],"product_cat":[796],"product_tag":[],"class_list":{"0":"post-130109","1":"product","2":"type-product","3":"status-publish","4":"has-post-thumbnail","6":"product_brand-weleda","7":"product_cat-w","8":"pa_packungsgroesse-20g","10":"first","11":"instock","12":"shipping-taxable","13":"purchasable","14":"product-type-simple"},"acf":[],"_links":{"self":[{"href":"https:\/\/www.ernstbrunn-apotheke.at\/katalog\/wp-json\/wp\/v2\/product\/130109","targetHints":{"allow":["GET"]}}],"collection":[{"href":"https:\/\/www.ernstbrunn-apotheke.at\/katalog\/wp-json\/wp\/v2\/product"}],"about":[{"href":"https:\/\/www.ernstbrunn-apotheke.at\/katalog\/wp-json\/wp\/v2\/types\/product"}],"wp:featuredmedia":[{"embeddable":true,"href":"https:\/\/www.ernstbrunn-apotheke.at\/katalog\/wp-json\/wp\/v2\/media\/130111"}],"wp:attachment":[{"href":"https:\/\/www.ernstbrunn-apotheke.at\/katalog\/wp-json\/wp\/v2\/media?parent=130109"}],"wp:term":[{"taxonomy":"product_brand","embeddable":true,"href":"https:\/\/www.ernstbrunn-apotheke.at\/katalog\/wp-json\/wp\/v2\/product_brand?post=130109"},{"taxonomy":"product_cat","embeddable":true,"href":"https:\/\/www.ernstbrunn-apotheke.at\/katalog\/wp-json\/wp\/v2\/product_cat?post=130109"},{"taxonomy":"product_tag","embeddable":true,"href":"https:\/\/www.ernstbrunn-apotheke.at\/katalog\/wp-json\/wp\/v2\/product_tag?post=130109"}],"curies":[{"name":"wp","href":"https:\/\/api.w.org\/{rel}","templated":true}]}}