{"id":130088,"date":"2025-11-13T17:28:40","date_gmt":"2025-11-13T16:28:40","guid":{"rendered":"https:\/\/www.ernstbrunn-apotheke.at\/katalog\/produkt\/gall-pharma-pycnogenol-kapseln-30mg-180-stk\/"},"modified":"2025-12-09T10:10:25","modified_gmt":"2025-12-09T09:10:25","slug":"gall-pharma-pycnogenol-kapseln-30mg-180-stk","status":"publish","type":"product","link":"https:\/\/www.ernstbrunn-apotheke.at\/katalog\/produkt\/gall-pharma-pycnogenol-kapseln-30mg-180-stk\/","title":{"rendered":"Gall Pharma Pycnogenol Kapseln 30mg 180 Stk."},"content":{"rendered":"<p>Pycnogenol\u00ae hat antioxidatives Potential. Es kann die Hautelastizit\u00e4t erh\u00f6hen und hat ern\u00e4hrungsphysiologisch entz\u00fcndungshemmende Eigenschaften. Die Hautmikrozirkulation kann sich verbessern. Weiters kann Pycnogenol\u00ae Hautpigmentierung vermindern und vor Sonne bzw. sonnenbedingter Hautalterung sch\u00fctzen.<\/p>\n","protected":false},"excerpt":{"rendered":"<p>Pycnogenol\u00ae hat antioxidatives Potential. Es kann die Hautelastizit\u00e4t erh\u00f6hen und hat ern\u00e4hrungsphysiologisch entz\u00fcndungshemmende Eigenschaften. Die Hautmikrozirkulation kann sich verbessern. Weiters kann Pycnogenol\u00ae Hautpigmentierung vermindern und vor Sonne bzw. sonnenbedingter Hautalterung sch\u00fctzen.<\/p>\n","protected":false},"featured_media":130090,"template":"","meta":{"_acf_changed":false},"product_brand":[],"product_cat":[810],"product_tag":[],"class_list":{"0":"post-130088","1":"product","2":"type-product","3":"status-publish","4":"has-post-thumbnail","6":"product_cat-g","7":"pa_packungsgroesse-180-stueck","9":"first","10":"instock","11":"shipping-taxable","12":"purchasable","13":"product-type-simple"},"acf":[],"_links":{"self":[{"href":"https:\/\/www.ernstbrunn-apotheke.at\/katalog\/wp-json\/wp\/v2\/product\/130088","targetHints":{"allow":["GET"]}}],"collection":[{"href":"https:\/\/www.ernstbrunn-apotheke.at\/katalog\/wp-json\/wp\/v2\/product"}],"about":[{"href":"https:\/\/www.ernstbrunn-apotheke.at\/katalog\/wp-json\/wp\/v2\/types\/product"}],"wp:featuredmedia":[{"embeddable":true,"href":"https:\/\/www.ernstbrunn-apotheke.at\/katalog\/wp-json\/wp\/v2\/media\/130090"}],"wp:attachment":[{"href":"https:\/\/www.ernstbrunn-apotheke.at\/katalog\/wp-json\/wp\/v2\/media?parent=130088"}],"wp:term":[{"taxonomy":"product_brand","embeddable":true,"href":"https:\/\/www.ernstbrunn-apotheke.at\/katalog\/wp-json\/wp\/v2\/product_brand?post=130088"},{"taxonomy":"product_cat","embeddable":true,"href":"https:\/\/www.ernstbrunn-apotheke.at\/katalog\/wp-json\/wp\/v2\/product_cat?post=130088"},{"taxonomy":"product_tag","embeddable":true,"href":"https:\/\/www.ernstbrunn-apotheke.at\/katalog\/wp-json\/wp\/v2\/product_tag?post=130088"}],"curies":[{"name":"wp","href":"https:\/\/api.w.org\/{rel}","templated":true}]}}