{"id":130032,"date":"2025-11-13T17:27:10","date_gmt":"2025-11-13T16:27:10","guid":{"rendered":"https:\/\/www.ernstbrunn-apotheke.at\/katalog\/produkt\/puressentiel-atemwege-luftspray-20-ml\/"},"modified":"2025-12-09T10:10:20","modified_gmt":"2025-12-09T09:10:20","slug":"puressentiel-atemwege-luftspray-20-ml","status":"publish","type":"product","link":"https:\/\/www.ernstbrunn-apotheke.at\/katalog\/produkt\/puressentiel-atemwege-luftspray-20-ml\/","title":{"rendered":"Puressentiel Atemwege Luftspray 20 ml"},"content":{"rendered":"<p>Puressentiel Atemwege Luftspray 20 ml hat antiseptische, reinigende, antibakterielle und beruhigende Eigenschaften. Die normale Atmung wird auf nat\u00fcrliche Weise gef\u00f6rdert und die k\u00f6rpereigenen Abwehrkr\u00e4fte gest\u00e4rkt. Der Luftspray eignet sich besonders bei ersten Anzeichen von Schnupfen, laufende Nase, Kratzen im Hals, tr\u00e4nende Augen, Niesen oder Kopfschmerzen.<\/p>\n","protected":false},"excerpt":{"rendered":"<p>Puressentiel Atemwege Luftspray 20 ml hat antiseptische, reinigende, antibakterielle und beruhigende Eigenschaften. Die normale Atmung wird auf nat\u00fcrliche Weise gef\u00f6rdert und die k\u00f6rpereigenen Abwehrkr\u00e4fte gest\u00e4rkt. Der Luftspray eignet sich besonders bei ersten Anzeichen von Schnupfen, laufende Nase, Kratzen im Hals, tr\u00e4nende Augen, Niesen oder Kopfschmerzen.<\/p>\n","protected":false},"featured_media":130034,"template":"","meta":{"_acf_changed":false},"product_brand":[],"product_cat":[793],"product_tag":[],"class_list":{"0":"post-130032","1":"product","2":"type-product","3":"status-publish","4":"has-post-thumbnail","6":"product_cat-p","7":"pa_packungsgroesse-20ml","9":"first","10":"instock","11":"shipping-taxable","12":"purchasable","13":"product-type-simple"},"acf":[],"_links":{"self":[{"href":"https:\/\/www.ernstbrunn-apotheke.at\/katalog\/wp-json\/wp\/v2\/product\/130032","targetHints":{"allow":["GET"]}}],"collection":[{"href":"https:\/\/www.ernstbrunn-apotheke.at\/katalog\/wp-json\/wp\/v2\/product"}],"about":[{"href":"https:\/\/www.ernstbrunn-apotheke.at\/katalog\/wp-json\/wp\/v2\/types\/product"}],"wp:featuredmedia":[{"embeddable":true,"href":"https:\/\/www.ernstbrunn-apotheke.at\/katalog\/wp-json\/wp\/v2\/media\/130034"}],"wp:attachment":[{"href":"https:\/\/www.ernstbrunn-apotheke.at\/katalog\/wp-json\/wp\/v2\/media?parent=130032"}],"wp:term":[{"taxonomy":"product_brand","embeddable":true,"href":"https:\/\/www.ernstbrunn-apotheke.at\/katalog\/wp-json\/wp\/v2\/product_brand?post=130032"},{"taxonomy":"product_cat","embeddable":true,"href":"https:\/\/www.ernstbrunn-apotheke.at\/katalog\/wp-json\/wp\/v2\/product_cat?post=130032"},{"taxonomy":"product_tag","embeddable":true,"href":"https:\/\/www.ernstbrunn-apotheke.at\/katalog\/wp-json\/wp\/v2\/product_tag?post=130032"}],"curies":[{"name":"wp","href":"https:\/\/api.w.org\/{rel}","templated":true}]}}