{"id":130022,"date":"2025-11-13T17:26:42","date_gmt":"2025-11-13T16:26:42","guid":{"rendered":"https:\/\/www.ernstbrunn-apotheke.at\/katalog\/produkt\/puressentiel-atemwege-nasenspray-15-ml\/"},"modified":"2025-12-09T10:10:20","modified_gmt":"2025-12-09T09:10:20","slug":"puressentiel-atemwege-nasenspray-15-ml","status":"publish","type":"product","link":"https:\/\/www.ernstbrunn-apotheke.at\/katalog\/produkt\/puressentiel-atemwege-nasenspray-15-ml\/","title":{"rendered":"Puressentiel Atemwege Nasenspray 15 ml"},"content":{"rendered":"<p>Puressentiel Atemwege Nasenspray hilft die Nase zu reinigen, zu befeuchten und zu befreien. Seine L\u00f6sung auf Basis von Meerwasser und Bio-Rosmarinbl\u00e4tenwasser ist angereichert mit \u00e4therischen \u00d6len mit abschwellenden, tonisierenden und antiinfekti\u00f6sen Eigenschaften, die sehr wohltuend bei Erk\u00e4ltungen, verstopfter Nase und Reizungen der Atemwege oder der Geh\u00f6rg\u00e4nge sind.<\/p>\n","protected":false},"excerpt":{"rendered":"<p>Puressentiel Atemwege Nasenspray hilft die Nase zu reinigen, zu befeuchten und zu befreien. Seine L\u00f6sung auf Basis von Meerwasser und Bio-Rosmarinbl\u00e4tenwasser ist angereichert mit \u00e4therischen \u00d6len mit abschwellenden, tonisierenden und antiinfekti\u00f6sen Eigenschaften, die sehr wohltuend bei Erk\u00e4ltungen, verstopfter Nase und Reizungen der Atemwege oder der Geh\u00f6rg\u00e4nge sind.<\/p>\n","protected":false},"featured_media":130024,"template":"","meta":{"_acf_changed":false},"product_brand":[],"product_cat":[793],"product_tag":[],"class_list":{"0":"post-130022","1":"product","2":"type-product","3":"status-publish","4":"has-post-thumbnail","6":"product_cat-p","7":"pa_packungsgroesse-15ml","9":"first","10":"instock","11":"shipping-taxable","12":"purchasable","13":"product-type-simple"},"acf":[],"_links":{"self":[{"href":"https:\/\/www.ernstbrunn-apotheke.at\/katalog\/wp-json\/wp\/v2\/product\/130022","targetHints":{"allow":["GET"]}}],"collection":[{"href":"https:\/\/www.ernstbrunn-apotheke.at\/katalog\/wp-json\/wp\/v2\/product"}],"about":[{"href":"https:\/\/www.ernstbrunn-apotheke.at\/katalog\/wp-json\/wp\/v2\/types\/product"}],"wp:featuredmedia":[{"embeddable":true,"href":"https:\/\/www.ernstbrunn-apotheke.at\/katalog\/wp-json\/wp\/v2\/media\/130024"}],"wp:attachment":[{"href":"https:\/\/www.ernstbrunn-apotheke.at\/katalog\/wp-json\/wp\/v2\/media?parent=130022"}],"wp:term":[{"taxonomy":"product_brand","embeddable":true,"href":"https:\/\/www.ernstbrunn-apotheke.at\/katalog\/wp-json\/wp\/v2\/product_brand?post=130022"},{"taxonomy":"product_cat","embeddable":true,"href":"https:\/\/www.ernstbrunn-apotheke.at\/katalog\/wp-json\/wp\/v2\/product_cat?post=130022"},{"taxonomy":"product_tag","embeddable":true,"href":"https:\/\/www.ernstbrunn-apotheke.at\/katalog\/wp-json\/wp\/v2\/product_tag?post=130022"}],"curies":[{"name":"wp","href":"https:\/\/api.w.org\/{rel}","templated":true}]}}