{"id":130016,"date":"2025-11-13T17:26:42","date_gmt":"2025-11-13T16:26:42","guid":{"rendered":"https:\/\/www.ernstbrunn-apotheke.at\/katalog\/produkt\/pure-encapsulations-kreatin-150-g\/"},"modified":"2025-12-09T10:10:19","modified_gmt":"2025-12-09T09:10:19","slug":"pure-encapsulations-kreatin-150-g","status":"publish","type":"product","link":"https:\/\/www.ernstbrunn-apotheke.at\/katalog\/produkt\/pure-encapsulations-kreatin-150-g\/","title":{"rendered":"Pure Encapsulations Kreatin 150 g"},"content":{"rendered":"<p>Kreatin besitzt eine zentrale Rolle im Energiestoffwechsel derHerz- und Skelettmuskulatur und stellt eine schnelle, lactatfreieEnergiereserve f\u00fcr den Muskel dar.F\u00fcr Hobby- und Leistungssportler kann Kreatin die Muskelpowerunterst\u00fctzen, vor allem im Kraftsport und High Intensity IntervallTraining (HIIT). Kreatin ist aber auch ein wichtiger Parameter zurErhaltung der Muskelkraft im Alter. So kann es zum Wohlbefindenvon Senioren beitragen. Angelehnt an wissenschaftliche Datenwerden f\u00fcr Menschen ab 55 Jahren 3 g t\u00e4glich empfohlen.Die Anwendung von Kreatin in Form eines Pulvers hat sich in derPraxis als ideal erwiesen. Pure Encapsulations\u00ae Kreatin liefert proMessl\u00f6ffel 3 Gramm Kreatin in mikronisierter Form. Das Pulverkann beliebig in jedes Getr\u00e4nk einger\u00fchrt werden und sowohl vorals auch nach dem Training angewendet werden. Das Kreatinpulverist frei von Laktose, Fruktose, Gluten sowie unn\u00f6tigen Zus\u00e4tzenund daher auch f\u00fcr sensible Personen geeignet.<\/p>\n","protected":false},"excerpt":{"rendered":"<p>Kreatin besitzt eine zentrale Rolle im Energiestoffwechsel derHerz- und Skelettmuskulatur und stellt eine schnelle, lactatfreieEnergiereserve f\u00fcr den Muskel dar.F\u00fcr Hobby- und Leistungssportler kann Kreatin die Muskelpowerunterst\u00fctzen, vor allem im Kraftsport und High Intensity IntervallTraining (HIIT). Kreatin ist aber auch ein wichtiger Parameter zurErhaltung der Muskelkraft im Alter. So kann es zum Wohlbefindenvon Senioren beitragen. Angelehnt [&hellip;]<\/p>\n","protected":false},"featured_media":130018,"template":"","meta":{"_acf_changed":false},"product_brand":[336],"product_cat":[793],"product_tag":[],"class_list":{"0":"post-130016","1":"product","2":"type-product","3":"status-publish","4":"has-post-thumbnail","6":"product_brand-pure-encapsulations","7":"product_cat-p","8":"pa_packungsgroesse-150g","10":"first","11":"instock","12":"shipping-taxable","13":"purchasable","14":"product-type-simple"},"acf":[],"_links":{"self":[{"href":"https:\/\/www.ernstbrunn-apotheke.at\/katalog\/wp-json\/wp\/v2\/product\/130016","targetHints":{"allow":["GET"]}}],"collection":[{"href":"https:\/\/www.ernstbrunn-apotheke.at\/katalog\/wp-json\/wp\/v2\/product"}],"about":[{"href":"https:\/\/www.ernstbrunn-apotheke.at\/katalog\/wp-json\/wp\/v2\/types\/product"}],"wp:featuredmedia":[{"embeddable":true,"href":"https:\/\/www.ernstbrunn-apotheke.at\/katalog\/wp-json\/wp\/v2\/media\/130018"}],"wp:attachment":[{"href":"https:\/\/www.ernstbrunn-apotheke.at\/katalog\/wp-json\/wp\/v2\/media?parent=130016"}],"wp:term":[{"taxonomy":"product_brand","embeddable":true,"href":"https:\/\/www.ernstbrunn-apotheke.at\/katalog\/wp-json\/wp\/v2\/product_brand?post=130016"},{"taxonomy":"product_cat","embeddable":true,"href":"https:\/\/www.ernstbrunn-apotheke.at\/katalog\/wp-json\/wp\/v2\/product_cat?post=130016"},{"taxonomy":"product_tag","embeddable":true,"href":"https:\/\/www.ernstbrunn-apotheke.at\/katalog\/wp-json\/wp\/v2\/product_tag?post=130016"}],"curies":[{"name":"wp","href":"https:\/\/api.w.org\/{rel}","templated":true}]}}