{"id":129978,"date":"2025-11-13T17:25:20","date_gmt":"2025-11-13T16:25:20","guid":{"rendered":"https:\/\/www.ernstbrunn-apotheke.at\/katalog\/produkt\/prorenal-calciumaceticum-filmtabletten-100-stk\/"},"modified":"2025-12-09T10:10:14","modified_gmt":"2025-12-09T09:10:14","slug":"prorenal-calciumaceticum-filmtabletten-100-stk","status":"publish","type":"product","link":"https:\/\/www.ernstbrunn-apotheke.at\/katalog\/produkt\/prorenal-calciumaceticum-filmtabletten-100-stk\/","title":{"rendered":"Prorenal Calciumaceticum Filmtabletten 100 Stk."},"content":{"rendered":"<p>Prorenal Calciumaceticum Filmtabletten dienen als Phosphatbinder. Phosphat, das \u00fcber die Nahrung aufgenommen wird, ist ein wichtiger Baustoff. Bei Funktionsst\u00f6rungen der Niere kommt es zu einem R\u00fcckstau von Phosphat, welches nicht ausgeschieden werden kann. Calcium bildet mit Phosphat eine unl\u00f6sliche Verbindung und wird dann \u00fcber den Darm ausgeschieden.<\/p>\n","protected":false},"excerpt":{"rendered":"<p>Prorenal Calciumaceticum Filmtabletten dienen als Phosphatbinder. Phosphat, das \u00fcber die Nahrung aufgenommen wird, ist ein wichtiger Baustoff. Bei Funktionsst\u00f6rungen der Niere kommt es zu einem R\u00fcckstau von Phosphat, welches nicht ausgeschieden werden kann. Calcium bildet mit Phosphat eine unl\u00f6sliche Verbindung und wird dann \u00fcber den Darm ausgeschieden.<\/p>\n","protected":false},"featured_media":129980,"template":"","meta":{"_acf_changed":false},"product_brand":[],"product_cat":[793],"product_tag":[],"class_list":{"0":"post-129978","1":"product","2":"type-product","3":"status-publish","4":"has-post-thumbnail","6":"product_cat-p","7":"pa_packungsgroesse-100-stueck","9":"first","10":"instock","11":"shipping-taxable","12":"purchasable","13":"product-type-simple"},"acf":[],"_links":{"self":[{"href":"https:\/\/www.ernstbrunn-apotheke.at\/katalog\/wp-json\/wp\/v2\/product\/129978","targetHints":{"allow":["GET"]}}],"collection":[{"href":"https:\/\/www.ernstbrunn-apotheke.at\/katalog\/wp-json\/wp\/v2\/product"}],"about":[{"href":"https:\/\/www.ernstbrunn-apotheke.at\/katalog\/wp-json\/wp\/v2\/types\/product"}],"wp:featuredmedia":[{"embeddable":true,"href":"https:\/\/www.ernstbrunn-apotheke.at\/katalog\/wp-json\/wp\/v2\/media\/129980"}],"wp:attachment":[{"href":"https:\/\/www.ernstbrunn-apotheke.at\/katalog\/wp-json\/wp\/v2\/media?parent=129978"}],"wp:term":[{"taxonomy":"product_brand","embeddable":true,"href":"https:\/\/www.ernstbrunn-apotheke.at\/katalog\/wp-json\/wp\/v2\/product_brand?post=129978"},{"taxonomy":"product_cat","embeddable":true,"href":"https:\/\/www.ernstbrunn-apotheke.at\/katalog\/wp-json\/wp\/v2\/product_cat?post=129978"},{"taxonomy":"product_tag","embeddable":true,"href":"https:\/\/www.ernstbrunn-apotheke.at\/katalog\/wp-json\/wp\/v2\/product_tag?post=129978"}],"curies":[{"name":"wp","href":"https:\/\/api.w.org\/{rel}","templated":true}]}}