{"id":129961,"date":"2025-11-13T17:24:52","date_gmt":"2025-11-13T16:24:52","guid":{"rendered":"https:\/\/www.ernstbrunn-apotheke.at\/katalog\/produkt\/life-light-kapseln-pro-visio-90-stk\/"},"modified":"2025-12-09T10:10:12","modified_gmt":"2025-12-09T09:10:12","slug":"life-light-kapseln-pro-visio-90-stk","status":"publish","type":"product","link":"https:\/\/www.ernstbrunn-apotheke.at\/katalog\/produkt\/life-light-kapseln-pro-visio-90-stk\/","title":{"rendered":"Life Light Kapseln Pro Visio 90 Stk."},"content":{"rendered":"<p>Life Light Kapseln Pro Visio sind ein hocheffizientes Kombinationspr\u00e4parat mit Proanthocyanidinen, Aminos\u00e4uren, den Vitaminen B, C, D, E und gemischten Carotinoiden. Besonders wertvoll wird das Mittel durch die Wirkstoffe Zink, Chrom und Selen. Es tr\u00e4gt unter anderem zur Erhaltung normaler Sehkraft, einem normalen Eisenstoffwechsel und einer Verringerung von M\u00fcdigkeit und Erm\u00fcdung bei.<\/p>\n","protected":false},"excerpt":{"rendered":"<p>Life Light Kapseln Pro Visio sind ein hocheffizientes Kombinationspr\u00e4parat mit Proanthocyanidinen, Aminos\u00e4uren, den Vitaminen B, C, D, E und gemischten Carotinoiden. Besonders wertvoll wird das Mittel durch die Wirkstoffe Zink, Chrom und Selen. Es tr\u00e4gt unter anderem zur Erhaltung normaler Sehkraft, einem normalen Eisenstoffwechsel und einer Verringerung von M\u00fcdigkeit und Erm\u00fcdung bei.<\/p>\n","protected":false},"featured_media":129963,"template":"","meta":{"_acf_changed":false},"product_brand":[],"product_cat":[795],"product_tag":[],"class_list":{"0":"post-129961","1":"product","2":"type-product","3":"status-publish","4":"has-post-thumbnail","6":"product_cat-l","7":"pa_packungsgroesse-90-stueck","9":"first","10":"instock","11":"shipping-taxable","12":"purchasable","13":"product-type-simple"},"acf":[],"_links":{"self":[{"href":"https:\/\/www.ernstbrunn-apotheke.at\/katalog\/wp-json\/wp\/v2\/product\/129961","targetHints":{"allow":["GET"]}}],"collection":[{"href":"https:\/\/www.ernstbrunn-apotheke.at\/katalog\/wp-json\/wp\/v2\/product"}],"about":[{"href":"https:\/\/www.ernstbrunn-apotheke.at\/katalog\/wp-json\/wp\/v2\/types\/product"}],"wp:featuredmedia":[{"embeddable":true,"href":"https:\/\/www.ernstbrunn-apotheke.at\/katalog\/wp-json\/wp\/v2\/media\/129963"}],"wp:attachment":[{"href":"https:\/\/www.ernstbrunn-apotheke.at\/katalog\/wp-json\/wp\/v2\/media?parent=129961"}],"wp:term":[{"taxonomy":"product_brand","embeddable":true,"href":"https:\/\/www.ernstbrunn-apotheke.at\/katalog\/wp-json\/wp\/v2\/product_brand?post=129961"},{"taxonomy":"product_cat","embeddable":true,"href":"https:\/\/www.ernstbrunn-apotheke.at\/katalog\/wp-json\/wp\/v2\/product_cat?post=129961"},{"taxonomy":"product_tag","embeddable":true,"href":"https:\/\/www.ernstbrunn-apotheke.at\/katalog\/wp-json\/wp\/v2\/product_tag?post=129961"}],"curies":[{"name":"wp","href":"https:\/\/api.w.org\/{rel}","templated":true}]}}