{"id":12995,"date":"2025-11-07T14:59:35","date_gmt":"2025-11-07T13:59:35","guid":{"rendered":"https:\/\/www.ernstbrunn-apotheke.at\/katalog\/produkt\/rheumed-kapseln-60-stk\/"},"modified":"2025-12-08T13:34:31","modified_gmt":"2025-12-08T12:34:31","slug":"rheumed-kapseln-60-stk","status":"publish","type":"product","link":"https:\/\/www.ernstbrunn-apotheke.at\/katalog\/produkt\/rheumed-kapseln-60-stk\/","title":{"rendered":"Rheumed Kapseln 60 Stk."},"content":{"rendered":"<p>Rheumed Kapseln dienen zur di\u00e4tischen Behandlung von entz\u00fcndlichen und schmerzhaften Beschwerden bei rheumatischen Erkrankungen. Hochdosierte Omega-3 Fetts\u00e4uren vermindern die Schmerzen und f\u00f6rdern die Beweglichkeit. Entz\u00fcndungen werden gelindert und Schwellungen gehen zur\u00fcck.<\/p>\n","protected":false},"excerpt":{"rendered":"<p>Rheumed Kapseln dienen zur di\u00e4tischen Behandlung von entz\u00fcndlichen und schmerzhaften Beschwerden bei rheumatischen Erkrankungen. Hochdosierte Omega-3 Fetts\u00e4uren vermindern die Schmerzen und f\u00f6rdern die Beweglichkeit. Entz\u00fcndungen werden gelindert und Schwellungen gehen zur\u00fcck.<\/p>\n","protected":false},"featured_media":12997,"template":"","meta":{"_acf_changed":false},"product_brand":[],"product_cat":[808],"product_tag":[],"class_list":{"0":"post-12995","1":"product","2":"type-product","3":"status-publish","4":"has-post-thumbnail","6":"product_cat-r","7":"pa_packungsgroesse-60-stueck","9":"first","10":"instock","11":"shipping-taxable","12":"purchasable","13":"product-type-simple"},"acf":[],"_links":{"self":[{"href":"https:\/\/www.ernstbrunn-apotheke.at\/katalog\/wp-json\/wp\/v2\/product\/12995","targetHints":{"allow":["GET"]}}],"collection":[{"href":"https:\/\/www.ernstbrunn-apotheke.at\/katalog\/wp-json\/wp\/v2\/product"}],"about":[{"href":"https:\/\/www.ernstbrunn-apotheke.at\/katalog\/wp-json\/wp\/v2\/types\/product"}],"wp:featuredmedia":[{"embeddable":true,"href":"https:\/\/www.ernstbrunn-apotheke.at\/katalog\/wp-json\/wp\/v2\/media\/12997"}],"wp:attachment":[{"href":"https:\/\/www.ernstbrunn-apotheke.at\/katalog\/wp-json\/wp\/v2\/media?parent=12995"}],"wp:term":[{"taxonomy":"product_brand","embeddable":true,"href":"https:\/\/www.ernstbrunn-apotheke.at\/katalog\/wp-json\/wp\/v2\/product_brand?post=12995"},{"taxonomy":"product_cat","embeddable":true,"href":"https:\/\/www.ernstbrunn-apotheke.at\/katalog\/wp-json\/wp\/v2\/product_cat?post=12995"},{"taxonomy":"product_tag","embeddable":true,"href":"https:\/\/www.ernstbrunn-apotheke.at\/katalog\/wp-json\/wp\/v2\/product_tag?post=12995"}],"curies":[{"name":"wp","href":"https:\/\/api.w.org\/{rel}","templated":true}]}}