{"id":129948,"date":"2025-11-13T17:24:12","date_gmt":"2025-11-13T16:24:12","guid":{"rendered":"https:\/\/www.ernstbrunn-apotheke.at\/katalog\/produkt\/poxclin-bodymousse-herpes-zoster-100-ml\/"},"modified":"2025-12-09T10:10:11","modified_gmt":"2025-12-09T09:10:11","slug":"poxclin-bodymousse-herpes-zoster-100-ml","status":"publish","type":"product","link":"https:\/\/www.ernstbrunn-apotheke.at\/katalog\/produkt\/poxclin-bodymousse-herpes-zoster-100-ml\/","title":{"rendered":"PoxClin BodyMousse Herpes Zoster 100 ml"},"content":{"rendered":"<p>PoxClin lindert den Juckreiz mit nat\u00fcrlichen Inhaltsstoffen, k\u00fchlt, beruhigt und pflegt die Haut.PoxClin BodyMousse enth\u00e4lt den 2QR-Komplex, einen patentierten bioaktiven Bakterienhemmer, der aus nat\u00fcrlichen pflanzlichen Produkten gewonnen\u00a0wird. 2QR bindet sich an sch\u00e4dliche Bakterien und verhindert somit ihr Eindringen in die Haut. Das verringert das Risiko f\u00fcr Entz\u00fcndungen und f\u00f6rdert den nat\u00fcrlichen Heilungsprozess der Haut. Glycerin, Panthenol und Allantoin, die f\u00fcr ihre pflegenden Eigenschaften bekannt sind, tragen ebenfalls\u00a0zur Pflege, Regeneration und Beruhigung der gesch\u00e4digten Haut bei. Der sofortige K\u00fchleffekt nach dem Auftragen lindert den Juckreiz zus\u00e4tzlich .<\/p>\n","protected":false},"excerpt":{"rendered":"<p>PoxClin lindert den Juckreiz mit nat\u00fcrlichen Inhaltsstoffen, k\u00fchlt, beruhigt und pflegt die Haut.PoxClin BodyMousse enth\u00e4lt den 2QR-Komplex, einen patentierten bioaktiven Bakterienhemmer, der aus nat\u00fcrlichen pflanzlichen Produkten gewonnen\u00a0wird. 2QR bindet sich an sch\u00e4dliche Bakterien und verhindert somit ihr Eindringen in die Haut. Das verringert das Risiko f\u00fcr Entz\u00fcndungen und f\u00f6rdert den nat\u00fcrlichen Heilungsprozess der Haut. Glycerin, [&hellip;]<\/p>\n","protected":false},"featured_media":129950,"template":"","meta":{"_acf_changed":false},"product_brand":[],"product_cat":[793],"product_tag":[],"class_list":{"0":"post-129948","1":"product","2":"type-product","3":"status-publish","4":"has-post-thumbnail","6":"product_cat-p","7":"pa_packungsgroesse-100ml","9":"first","10":"instock","11":"shipping-taxable","12":"purchasable","13":"product-type-simple"},"acf":[],"_links":{"self":[{"href":"https:\/\/www.ernstbrunn-apotheke.at\/katalog\/wp-json\/wp\/v2\/product\/129948","targetHints":{"allow":["GET"]}}],"collection":[{"href":"https:\/\/www.ernstbrunn-apotheke.at\/katalog\/wp-json\/wp\/v2\/product"}],"about":[{"href":"https:\/\/www.ernstbrunn-apotheke.at\/katalog\/wp-json\/wp\/v2\/types\/product"}],"wp:featuredmedia":[{"embeddable":true,"href":"https:\/\/www.ernstbrunn-apotheke.at\/katalog\/wp-json\/wp\/v2\/media\/129950"}],"wp:attachment":[{"href":"https:\/\/www.ernstbrunn-apotheke.at\/katalog\/wp-json\/wp\/v2\/media?parent=129948"}],"wp:term":[{"taxonomy":"product_brand","embeddable":true,"href":"https:\/\/www.ernstbrunn-apotheke.at\/katalog\/wp-json\/wp\/v2\/product_brand?post=129948"},{"taxonomy":"product_cat","embeddable":true,"href":"https:\/\/www.ernstbrunn-apotheke.at\/katalog\/wp-json\/wp\/v2\/product_cat?post=129948"},{"taxonomy":"product_tag","embeddable":true,"href":"https:\/\/www.ernstbrunn-apotheke.at\/katalog\/wp-json\/wp\/v2\/product_tag?post=129948"}],"curies":[{"name":"wp","href":"https:\/\/api.w.org\/{rel}","templated":true}]}}