{"id":129938,"date":"2025-11-13T17:24:12","date_gmt":"2025-11-13T16:24:12","guid":{"rendered":"https:\/\/www.ernstbrunn-apotheke.at\/katalog\/produkt\/plumbo\/"},"modified":"2025-12-09T10:10:10","modified_gmt":"2025-12-09T09:10:10","slug":"plumbo","status":"publish","type":"product","link":"https:\/\/www.ernstbrunn-apotheke.at\/katalog\/produkt\/plumbo\/","title":{"rendered":"Plumbo"},"content":{"rendered":"<p>Plumbo ist ein rieselfreudiges Granulat. Es \u00f6ffnet m\u00fchelos durch Fett, Haare, Papier, K\u00fcchenabf\u00e4lle und \u00e4hnliche Ursachen verstopfte oder auch vereiste Abfl\u00fcsse. F\u00fcr verstopfte Abl\u00fcsse von Waschbecken, Badewannen, Toiletten. Blei, Email, Blech, Eisen, Polyethylenrohre u.a. werden nicht angegriffen.Aluminium und Zink werden von Plumbo hingegen stark angegriffen..<\/p>\n","protected":false},"excerpt":{"rendered":"<p>Plumbo ist ein rieselfreudiges Granulat. Es \u00f6ffnet m\u00fchelos durch Fett, Haare, Papier, K\u00fcchenabf\u00e4lle und \u00e4hnliche Ursachen verstopfte oder auch vereiste Abfl\u00fcsse. F\u00fcr verstopfte Abl\u00fcsse von Waschbecken, Badewannen, Toiletten. Blei, Email, Blech, Eisen, Polyethylenrohre u.a. werden nicht angegriffen.Aluminium und Zink werden von Plumbo hingegen stark angegriffen..<\/p>\n","protected":false},"featured_media":129940,"template":"","meta":{"_acf_changed":false},"product_brand":[],"product_cat":[793],"product_tag":[],"class_list":{"0":"post-129938","1":"product","2":"type-product","3":"status-publish","4":"has-post-thumbnail","6":"product_cat-p","7":"pa_packungsgroesse-800g","9":"first","10":"instock","11":"shipping-taxable","12":"purchasable","13":"product-type-simple"},"acf":[],"_links":{"self":[{"href":"https:\/\/www.ernstbrunn-apotheke.at\/katalog\/wp-json\/wp\/v2\/product\/129938","targetHints":{"allow":["GET"]}}],"collection":[{"href":"https:\/\/www.ernstbrunn-apotheke.at\/katalog\/wp-json\/wp\/v2\/product"}],"about":[{"href":"https:\/\/www.ernstbrunn-apotheke.at\/katalog\/wp-json\/wp\/v2\/types\/product"}],"wp:featuredmedia":[{"embeddable":true,"href":"https:\/\/www.ernstbrunn-apotheke.at\/katalog\/wp-json\/wp\/v2\/media\/129940"}],"wp:attachment":[{"href":"https:\/\/www.ernstbrunn-apotheke.at\/katalog\/wp-json\/wp\/v2\/media?parent=129938"}],"wp:term":[{"taxonomy":"product_brand","embeddable":true,"href":"https:\/\/www.ernstbrunn-apotheke.at\/katalog\/wp-json\/wp\/v2\/product_brand?post=129938"},{"taxonomy":"product_cat","embeddable":true,"href":"https:\/\/www.ernstbrunn-apotheke.at\/katalog\/wp-json\/wp\/v2\/product_cat?post=129938"},{"taxonomy":"product_tag","embeddable":true,"href":"https:\/\/www.ernstbrunn-apotheke.at\/katalog\/wp-json\/wp\/v2\/product_tag?post=129938"}],"curies":[{"name":"wp","href":"https:\/\/api.w.org\/{rel}","templated":true}]}}