{"id":129920,"date":"2025-11-13T17:23:51","date_gmt":"2025-11-13T16:23:51","guid":{"rendered":"https:\/\/www.ernstbrunn-apotheke.at\/katalog\/produkt\/plasma-liquid-mundspuelloesung-250-ml\/"},"modified":"2025-12-09T10:10:08","modified_gmt":"2025-12-09T09:10:08","slug":"plasma-liquid-mundspuelloesung-250-ml","status":"publish","type":"product","link":"https:\/\/www.ernstbrunn-apotheke.at\/katalog\/produkt\/plasma-liquid-mundspuelloesung-250-ml\/","title":{"rendered":"Plasma Liquid Mundsp\u00fcll\u00f6sung 250 ml"},"content":{"rendered":"<p>Plasma Liquid Mundsp\u00fcll\u00f6sung ist ein zertifiziertes Medizinprodukt und zur Reinigung und Dekontamination der Mundh\u00f6hle, des Rachenraums und des Zahnfleisches geeignet. Durch Plasma Liquid werden 99,9% aller relevanten Keime, einschlie\u00dflich MRSA, reduziert.<\/p>\n","protected":false},"excerpt":{"rendered":"<p>Plasma Liquid Mundsp\u00fcll\u00f6sung ist ein zertifiziertes Medizinprodukt und zur Reinigung und Dekontamination der Mundh\u00f6hle, des Rachenraums und des Zahnfleisches geeignet. Durch Plasma Liquid werden 99,9% aller relevanten Keime, einschlie\u00dflich MRSA, reduziert.<\/p>\n","protected":false},"featured_media":129922,"template":"","meta":{"_acf_changed":false},"product_brand":[],"product_cat":[793],"product_tag":[],"class_list":{"0":"post-129920","1":"product","2":"type-product","3":"status-publish","4":"has-post-thumbnail","6":"product_cat-p","7":"pa_packungsgroesse-250ml","9":"first","10":"instock","11":"shipping-taxable","12":"purchasable","13":"product-type-simple"},"acf":[],"_links":{"self":[{"href":"https:\/\/www.ernstbrunn-apotheke.at\/katalog\/wp-json\/wp\/v2\/product\/129920","targetHints":{"allow":["GET"]}}],"collection":[{"href":"https:\/\/www.ernstbrunn-apotheke.at\/katalog\/wp-json\/wp\/v2\/product"}],"about":[{"href":"https:\/\/www.ernstbrunn-apotheke.at\/katalog\/wp-json\/wp\/v2\/types\/product"}],"wp:featuredmedia":[{"embeddable":true,"href":"https:\/\/www.ernstbrunn-apotheke.at\/katalog\/wp-json\/wp\/v2\/media\/129922"}],"wp:attachment":[{"href":"https:\/\/www.ernstbrunn-apotheke.at\/katalog\/wp-json\/wp\/v2\/media?parent=129920"}],"wp:term":[{"taxonomy":"product_brand","embeddable":true,"href":"https:\/\/www.ernstbrunn-apotheke.at\/katalog\/wp-json\/wp\/v2\/product_brand?post=129920"},{"taxonomy":"product_cat","embeddable":true,"href":"https:\/\/www.ernstbrunn-apotheke.at\/katalog\/wp-json\/wp\/v2\/product_cat?post=129920"},{"taxonomy":"product_tag","embeddable":true,"href":"https:\/\/www.ernstbrunn-apotheke.at\/katalog\/wp-json\/wp\/v2\/product_tag?post=129920"}],"curies":[{"name":"wp","href":"https:\/\/api.w.org\/{rel}","templated":true}]}}