{"id":129896,"date":"2025-11-13T17:23:27","date_gmt":"2025-11-13T16:23:27","guid":{"rendered":"https:\/\/www.ernstbrunn-apotheke.at\/katalog\/produkt\/phyto-phytojoba-pflege-maske-150-ml\/"},"modified":"2025-12-09T10:10:04","modified_gmt":"2025-12-09T09:10:04","slug":"phyto-phytojoba-pflege-maske-150-ml","status":"publish","type":"product","link":"https:\/\/www.ernstbrunn-apotheke.at\/katalog\/produkt\/phyto-phytojoba-pflege-maske-150-ml\/","title":{"rendered":"Phyto Phytojoba Pflege-Maske 150 ml"},"content":{"rendered":"<p>Die cremige Maske, die speziell f\u00fcr trockenes Haar entwickelt wurde, ben\u00f6tigt nur eine sehr kurze Einwirkzeit. Nach dem Aussp\u00fclen ist das Haar sofort gesch\u00fctzt und mit Feuchtigkeit versorgt.<\/p>\n","protected":false},"excerpt":{"rendered":"<p>Die cremige Maske, die speziell f\u00fcr trockenes Haar entwickelt wurde, ben\u00f6tigt nur eine sehr kurze Einwirkzeit. Nach dem Aussp\u00fclen ist das Haar sofort gesch\u00fctzt und mit Feuchtigkeit versorgt.<\/p>\n","protected":false},"featured_media":129898,"template":"","meta":{"_acf_changed":false},"product_brand":[732],"product_cat":[793],"product_tag":[],"class_list":{"0":"post-129896","1":"product","2":"type-product","3":"status-publish","4":"has-post-thumbnail","6":"product_brand-phyto","7":"product_cat-p","8":"pa_packungsgroesse-150ml","10":"first","11":"instock","12":"shipping-taxable","13":"purchasable","14":"product-type-simple"},"acf":[],"_links":{"self":[{"href":"https:\/\/www.ernstbrunn-apotheke.at\/katalog\/wp-json\/wp\/v2\/product\/129896","targetHints":{"allow":["GET"]}}],"collection":[{"href":"https:\/\/www.ernstbrunn-apotheke.at\/katalog\/wp-json\/wp\/v2\/product"}],"about":[{"href":"https:\/\/www.ernstbrunn-apotheke.at\/katalog\/wp-json\/wp\/v2\/types\/product"}],"wp:featuredmedia":[{"embeddable":true,"href":"https:\/\/www.ernstbrunn-apotheke.at\/katalog\/wp-json\/wp\/v2\/media\/129898"}],"wp:attachment":[{"href":"https:\/\/www.ernstbrunn-apotheke.at\/katalog\/wp-json\/wp\/v2\/media?parent=129896"}],"wp:term":[{"taxonomy":"product_brand","embeddable":true,"href":"https:\/\/www.ernstbrunn-apotheke.at\/katalog\/wp-json\/wp\/v2\/product_brand?post=129896"},{"taxonomy":"product_cat","embeddable":true,"href":"https:\/\/www.ernstbrunn-apotheke.at\/katalog\/wp-json\/wp\/v2\/product_cat?post=129896"},{"taxonomy":"product_tag","embeddable":true,"href":"https:\/\/www.ernstbrunn-apotheke.at\/katalog\/wp-json\/wp\/v2\/product_tag?post=129896"}],"curies":[{"name":"wp","href":"https:\/\/api.w.org\/{rel}","templated":true}]}}