{"id":129887,"date":"2025-11-13T17:23:15","date_gmt":"2025-11-13T16:23:15","guid":{"rendered":"https:\/\/www.ernstbrunn-apotheke.at\/katalog\/produkt\/phytocarotin-kapseln-90-stk\/"},"modified":"2025-12-09T10:10:01","modified_gmt":"2025-12-09T09:10:01","slug":"phytocarotin-kapseln-90-stk","status":"publish","type":"product","link":"https:\/\/www.ernstbrunn-apotheke.at\/katalog\/produkt\/phytocarotin-kapseln-90-stk\/","title":{"rendered":"Phytocarotin Kapseln 90 Stk."},"content":{"rendered":"<p>Phytocarotin Kapseln unterst\u00fctzen die Br\u00e4unung und sch\u00fctzen die Haut auf nat\u00fcrliche Weise. Die Br\u00e4unungs- und Hautschutz-Kapseln bewirken eine gleichm\u00e4\u00dfige Br\u00e4unung der Haut und verl\u00e4ngern die Eigenschutzzeit der Haut. Zudem wird der Haut mehr Elastizit\u00e4t und Festigkeit verliehen sowie der Feuchtigkeitsgehalt der Haut reguliert. Dieses Produkt ist in den Packungsgr\u00f6\u00dfen 30 und 90 St\u00fcck erh\u00e4ltlich.<\/p>\n","protected":false},"excerpt":{"rendered":"<p>Phytocarotin Kapseln unterst\u00fctzen die Br\u00e4unung und sch\u00fctzen die Haut auf nat\u00fcrliche Weise. Die Br\u00e4unungs- und Hautschutz-Kapseln bewirken eine gleichm\u00e4\u00dfige Br\u00e4unung der Haut und verl\u00e4ngern die Eigenschutzzeit der Haut. Zudem wird der Haut mehr Elastizit\u00e4t und Festigkeit verliehen sowie der Feuchtigkeitsgehalt der Haut reguliert. Dieses Produkt ist in den Packungsgr\u00f6\u00dfen 30 und 90 St\u00fcck erh\u00e4ltlich.<\/p>\n","protected":false},"featured_media":129889,"template":"","meta":{"_acf_changed":false},"product_brand":[732],"product_cat":[793],"product_tag":[],"class_list":{"0":"post-129887","1":"product","2":"type-product","3":"status-publish","4":"has-post-thumbnail","6":"product_brand-phyto","7":"product_cat-p","8":"pa_packungsgroesse-90-stueck","10":"first","11":"instock","12":"shipping-taxable","13":"purchasable","14":"product-type-simple"},"acf":[],"_links":{"self":[{"href":"https:\/\/www.ernstbrunn-apotheke.at\/katalog\/wp-json\/wp\/v2\/product\/129887","targetHints":{"allow":["GET"]}}],"collection":[{"href":"https:\/\/www.ernstbrunn-apotheke.at\/katalog\/wp-json\/wp\/v2\/product"}],"about":[{"href":"https:\/\/www.ernstbrunn-apotheke.at\/katalog\/wp-json\/wp\/v2\/types\/product"}],"wp:featuredmedia":[{"embeddable":true,"href":"https:\/\/www.ernstbrunn-apotheke.at\/katalog\/wp-json\/wp\/v2\/media\/129889"}],"wp:attachment":[{"href":"https:\/\/www.ernstbrunn-apotheke.at\/katalog\/wp-json\/wp\/v2\/media?parent=129887"}],"wp:term":[{"taxonomy":"product_brand","embeddable":true,"href":"https:\/\/www.ernstbrunn-apotheke.at\/katalog\/wp-json\/wp\/v2\/product_brand?post=129887"},{"taxonomy":"product_cat","embeddable":true,"href":"https:\/\/www.ernstbrunn-apotheke.at\/katalog\/wp-json\/wp\/v2\/product_cat?post=129887"},{"taxonomy":"product_tag","embeddable":true,"href":"https:\/\/www.ernstbrunn-apotheke.at\/katalog\/wp-json\/wp\/v2\/product_tag?post=129887"}],"curies":[{"name":"wp","href":"https:\/\/api.w.org\/{rel}","templated":true}]}}