{"id":129883,"date":"2025-11-13T17:22:45","date_gmt":"2025-11-13T16:22:45","guid":{"rendered":"https:\/\/www.ernstbrunn-apotheke.at\/katalog\/produkt\/ensbona-pferdesalbe-1-l-spenderflasche\/"},"modified":"2025-12-09T10:10:01","modified_gmt":"2025-12-09T09:10:01","slug":"ensbona-pferdesalbe-1-l-spenderflasche","status":"publish","type":"product","link":"https:\/\/www.ernstbrunn-apotheke.at\/katalog\/produkt\/ensbona-pferdesalbe-1-l-spenderflasche\/","title":{"rendered":"Ensbona Pferdesalbe 1 L Spenderflasche"},"content":{"rendered":"<p>Ensbona Pferdesalbe ist besonders wohltuend f\u00fcr die Haut. Aufgrund ihrer wertvollen Inhaltstoffe spendet sie empfindlicher Haut Feuchtigkeit und zieht schnell ein ohne zu verkleben. Gerade auch nach k\u00f6rperlicher Anstrengung und Erm\u00fcdung ist die Salbe eine Wohltat. Sie k\u00fchlt und reaktiviert die beanspruchten K\u00f6rperstellen. Dieses Produkt ist erh\u00e4ltlich in der Dose (50 ml, 200 ml und 500 ml), in der Tube (200 ml) und in der Spenderflasche (1 l).<\/p>\n","protected":false},"excerpt":{"rendered":"<p>Ensbona Pferdesalbe ist besonders wohltuend f\u00fcr die Haut. Aufgrund ihrer wertvollen Inhaltstoffe spendet sie empfindlicher Haut Feuchtigkeit und zieht schnell ein ohne zu verkleben. Gerade auch nach k\u00f6rperlicher Anstrengung und Erm\u00fcdung ist die Salbe eine Wohltat. Sie k\u00fchlt und reaktiviert die beanspruchten K\u00f6rperstellen. Dieses Produkt ist erh\u00e4ltlich in der Dose (50 ml, 200 ml und [&hellip;]<\/p>\n","protected":false},"featured_media":129885,"template":"","meta":{"_acf_changed":false},"product_brand":[],"product_cat":[794],"product_tag":[],"class_list":{"0":"post-129883","1":"product","2":"type-product","3":"status-publish","4":"has-post-thumbnail","6":"product_cat-e","7":"pa_packungsgroesse-1l","9":"first","10":"instock","11":"shipping-taxable","12":"purchasable","13":"product-type-simple"},"acf":[],"_links":{"self":[{"href":"https:\/\/www.ernstbrunn-apotheke.at\/katalog\/wp-json\/wp\/v2\/product\/129883","targetHints":{"allow":["GET"]}}],"collection":[{"href":"https:\/\/www.ernstbrunn-apotheke.at\/katalog\/wp-json\/wp\/v2\/product"}],"about":[{"href":"https:\/\/www.ernstbrunn-apotheke.at\/katalog\/wp-json\/wp\/v2\/types\/product"}],"wp:featuredmedia":[{"embeddable":true,"href":"https:\/\/www.ernstbrunn-apotheke.at\/katalog\/wp-json\/wp\/v2\/media\/129885"}],"wp:attachment":[{"href":"https:\/\/www.ernstbrunn-apotheke.at\/katalog\/wp-json\/wp\/v2\/media?parent=129883"}],"wp:term":[{"taxonomy":"product_brand","embeddable":true,"href":"https:\/\/www.ernstbrunn-apotheke.at\/katalog\/wp-json\/wp\/v2\/product_brand?post=129883"},{"taxonomy":"product_cat","embeddable":true,"href":"https:\/\/www.ernstbrunn-apotheke.at\/katalog\/wp-json\/wp\/v2\/product_cat?post=129883"},{"taxonomy":"product_tag","embeddable":true,"href":"https:\/\/www.ernstbrunn-apotheke.at\/katalog\/wp-json\/wp\/v2\/product_tag?post=129883"}],"curies":[{"name":"wp","href":"https:\/\/api.w.org\/{rel}","templated":true}]}}