{"id":129873,"date":"2025-11-13T17:22:45","date_gmt":"2025-11-13T16:22:45","guid":{"rendered":"https:\/\/www.ernstbrunn-apotheke.at\/katalog\/produkt\/bios-pfefferminz-kapseln-450-mg\/"},"modified":"2025-12-09T10:10:01","modified_gmt":"2025-12-09T09:10:01","slug":"bios-pfefferminz-kapseln-450-mg","status":"publish","type":"product","link":"https:\/\/www.ernstbrunn-apotheke.at\/katalog\/produkt\/bios-pfefferminz-kapseln-450-mg\/","title":{"rendered":"Bios Pfefferminz Kapseln 450 mg"},"content":{"rendered":"<p>Bios Pfefferminz Kapseln 450 mg enthalten 450 mg eines Trockenextrakts aus Pfefferminzbl\u00e4ttern. Verwendet werden die frischen oder getrockneten Bl\u00e4tter der Pfefferminze und das daraus gewonnene \u00e4therische \u00d6l. Dieses besteht aus dem charakteristisch riechenden Menthol, Menthon, Menthylacetat und Menthofuran.<\/p>\n","protected":false},"excerpt":{"rendered":"<p>Bios Pfefferminz Kapseln 450 mg enthalten 450 mg eines Trockenextrakts aus Pfefferminzbl\u00e4ttern. Verwendet werden die frischen oder getrockneten Bl\u00e4tter der Pfefferminze und das daraus gewonnene \u00e4therische \u00d6l. Dieses besteht aus dem charakteristisch riechenden Menthol, Menthon, Menthylacetat und Menthofuran.<\/p>\n","protected":false},"featured_media":129875,"template":"","meta":{"_acf_changed":false},"product_brand":[],"product_cat":[802],"product_tag":[],"class_list":{"0":"post-129873","1":"product","2":"type-product","3":"status-publish","4":"has-post-thumbnail","6":"product_cat-b","7":"pa_packungsgroesse-100-stueck","9":"first","10":"instock","11":"shipping-taxable","12":"purchasable","13":"product-type-simple"},"acf":[],"_links":{"self":[{"href":"https:\/\/www.ernstbrunn-apotheke.at\/katalog\/wp-json\/wp\/v2\/product\/129873","targetHints":{"allow":["GET"]}}],"collection":[{"href":"https:\/\/www.ernstbrunn-apotheke.at\/katalog\/wp-json\/wp\/v2\/product"}],"about":[{"href":"https:\/\/www.ernstbrunn-apotheke.at\/katalog\/wp-json\/wp\/v2\/types\/product"}],"wp:featuredmedia":[{"embeddable":true,"href":"https:\/\/www.ernstbrunn-apotheke.at\/katalog\/wp-json\/wp\/v2\/media\/129875"}],"wp:attachment":[{"href":"https:\/\/www.ernstbrunn-apotheke.at\/katalog\/wp-json\/wp\/v2\/media?parent=129873"}],"wp:term":[{"taxonomy":"product_brand","embeddable":true,"href":"https:\/\/www.ernstbrunn-apotheke.at\/katalog\/wp-json\/wp\/v2\/product_brand?post=129873"},{"taxonomy":"product_cat","embeddable":true,"href":"https:\/\/www.ernstbrunn-apotheke.at\/katalog\/wp-json\/wp\/v2\/product_cat?post=129873"},{"taxonomy":"product_tag","embeddable":true,"href":"https:\/\/www.ernstbrunn-apotheke.at\/katalog\/wp-json\/wp\/v2\/product_tag?post=129873"}],"curies":[{"name":"wp","href":"https:\/\/api.w.org\/{rel}","templated":true}]}}