{"id":129808,"date":"2025-11-13T17:21:01","date_gmt":"2025-11-13T16:21:01","guid":{"rendered":"https:\/\/www.ernstbrunn-apotheke.at\/katalog\/produkt\/pelcure-creme-30-ml\/"},"modified":"2025-12-09T10:09:54","modified_gmt":"2025-12-09T09:09:54","slug":"pelcure-creme-30-ml","status":"publish","type":"product","link":"https:\/\/www.ernstbrunn-apotheke.at\/katalog\/produkt\/pelcure-creme-30-ml\/","title":{"rendered":"Pelcure Creme 30 ml"},"content":{"rendered":"<p>PelCure Creme &#8211; bei leichter und mittelschwerer Akne und zur vorbeugenden Behandlung. Pelcure ist eine Creme f\u00fcr zu Akne neigende Haut. Sie wirkt sebumregulierend und reduziert nachweislich Unreinheiten und Komedonen. Verschiedene Inhaltsstoffe sorgen auf unterschiedlichen Wegen f\u00fcr ein ebenm\u00e4\u00dfiges Hautbild. Durch diese aufeinander abgestimmten Eigenschaften wird der nat\u00fcrliche Heilungsprozess der Haut unterst\u00fctzt und neuen Entz\u00fcndungen und Unreinheiten vorgebeugt..Retinol \u00f6ffnet verstopfte Poren und befreit diese von \u00fcbersch\u00fcssigem Talg. Der Entstehung neuer Unreinheiten und Mitesser wird so vorgebeugt. Lactobionics\u00e4ure bildet einen atmungsaktiven Schutzfilm, welcher die Hautbarriere st\u00e4rkt, Feuchtigkeit spendet und die Haut so vor sch\u00e4dlichen Umwelteinfl\u00fcssen sch\u00fctzt. Benzoylperoxid, Mandels\u00e4ure und Zink sind antibakteriell wirkende und entz\u00fcndungshemmende Inhaltsstoffe. Sie erm\u00f6glichen es der Haut, wieder ins Gleichgewicht zu kommen, und beugen neuen Entz\u00fcndungen vor.<\/p>\n","protected":false},"excerpt":{"rendered":"<p>PelCure Creme &#8211; bei leichter und mittelschwerer Akne und zur vorbeugenden Behandlung. Pelcure ist eine Creme f\u00fcr zu Akne neigende Haut. Sie wirkt sebumregulierend und reduziert nachweislich Unreinheiten und Komedonen. Verschiedene Inhaltsstoffe sorgen auf unterschiedlichen Wegen f\u00fcr ein ebenm\u00e4\u00dfiges Hautbild. Durch diese aufeinander abgestimmten Eigenschaften wird der nat\u00fcrliche Heilungsprozess der Haut unterst\u00fctzt und neuen Entz\u00fcndungen [&hellip;]<\/p>\n","protected":false},"featured_media":129810,"template":"","meta":{"_acf_changed":false},"product_brand":[],"product_cat":[793],"product_tag":[],"class_list":{"0":"post-129808","1":"product","2":"type-product","3":"status-publish","4":"has-post-thumbnail","6":"product_cat-p","7":"pa_packungsgroesse-30ml","9":"first","10":"instock","11":"shipping-taxable","12":"purchasable","13":"product-type-simple"},"acf":[],"_links":{"self":[{"href":"https:\/\/www.ernstbrunn-apotheke.at\/katalog\/wp-json\/wp\/v2\/product\/129808","targetHints":{"allow":["GET"]}}],"collection":[{"href":"https:\/\/www.ernstbrunn-apotheke.at\/katalog\/wp-json\/wp\/v2\/product"}],"about":[{"href":"https:\/\/www.ernstbrunn-apotheke.at\/katalog\/wp-json\/wp\/v2\/types\/product"}],"wp:featuredmedia":[{"embeddable":true,"href":"https:\/\/www.ernstbrunn-apotheke.at\/katalog\/wp-json\/wp\/v2\/media\/129810"}],"wp:attachment":[{"href":"https:\/\/www.ernstbrunn-apotheke.at\/katalog\/wp-json\/wp\/v2\/media?parent=129808"}],"wp:term":[{"taxonomy":"product_brand","embeddable":true,"href":"https:\/\/www.ernstbrunn-apotheke.at\/katalog\/wp-json\/wp\/v2\/product_brand?post=129808"},{"taxonomy":"product_cat","embeddable":true,"href":"https:\/\/www.ernstbrunn-apotheke.at\/katalog\/wp-json\/wp\/v2\/product_cat?post=129808"},{"taxonomy":"product_tag","embeddable":true,"href":"https:\/\/www.ernstbrunn-apotheke.at\/katalog\/wp-json\/wp\/v2\/product_tag?post=129808"}],"curies":[{"name":"wp","href":"https:\/\/api.w.org\/{rel}","templated":true}]}}