{"id":129801,"date":"2025-11-13T17:20:46","date_gmt":"2025-11-13T16:20:46","guid":{"rendered":"https:\/\/www.ernstbrunn-apotheke.at\/katalog\/produkt\/peeroton-mvd-mineral-vitamin-drink-eistee-pfirsich-300-g\/"},"modified":"2025-12-09T10:09:53","modified_gmt":"2025-12-09T09:09:53","slug":"peeroton-mvd-mineral-vitamin-drink-eistee-pfirsich-300-g","status":"publish","type":"product","link":"https:\/\/www.ernstbrunn-apotheke.at\/katalog\/produkt\/peeroton-mvd-mineral-vitamin-drink-eistee-pfirsich-300-g\/","title":{"rendered":"Peeroton MVD Mineral Vitamin Drink Eistee Pfirsich 300 g"},"content":{"rendered":"<p>Dieses hypotone Getr\u00e4nkepulver auf h\u00f6chster Qualit\u00e4t liefert essentielle Mineralstoffe, Vitamine und Spurenelemente, die durch Sport, unausgewogene Ern\u00e4hrung oder Stressbelastungen des Alltags verst\u00e4rkt zugef\u00fchrt werden sollten. Ebenso unterst\u00fctzt es die Regeneration. Das Peeroton MVD-MINERAL VITAMIN DRINK Getr\u00e4nkepulver zeichnet sich durch sofortige Umsetzung der Wirkstoffe im K\u00f6rper und optimale Magen\u2013\/Darmvertr\u00e4glichkeit aus und wird von Spitzensportlern erfolgreich verwendet.<\/p>\n","protected":false},"excerpt":{"rendered":"<p>Dieses hypotone Getr\u00e4nkepulver auf h\u00f6chster Qualit\u00e4t liefert essentielle Mineralstoffe, Vitamine und Spurenelemente, die durch Sport, unausgewogene Ern\u00e4hrung oder Stressbelastungen des Alltags verst\u00e4rkt zugef\u00fchrt werden sollten. Ebenso unterst\u00fctzt es die Regeneration. Das Peeroton MVD-MINERAL VITAMIN DRINK Getr\u00e4nkepulver zeichnet sich durch sofortige Umsetzung der Wirkstoffe im K\u00f6rper und optimale Magen\u2013\/Darmvertr\u00e4glichkeit aus und wird von Spitzensportlern erfolgreich verwendet.<\/p>\n","protected":false},"featured_media":129803,"template":"","meta":{"_acf_changed":false},"product_brand":[344],"product_cat":[793],"product_tag":[],"class_list":{"0":"post-129801","1":"product","2":"type-product","3":"status-publish","4":"has-post-thumbnail","6":"product_brand-peeroton","7":"product_cat-p","8":"pa_packungsgroesse-300g","10":"first","11":"instock","12":"shipping-taxable","13":"purchasable","14":"product-type-simple"},"acf":[],"_links":{"self":[{"href":"https:\/\/www.ernstbrunn-apotheke.at\/katalog\/wp-json\/wp\/v2\/product\/129801","targetHints":{"allow":["GET"]}}],"collection":[{"href":"https:\/\/www.ernstbrunn-apotheke.at\/katalog\/wp-json\/wp\/v2\/product"}],"about":[{"href":"https:\/\/www.ernstbrunn-apotheke.at\/katalog\/wp-json\/wp\/v2\/types\/product"}],"wp:featuredmedia":[{"embeddable":true,"href":"https:\/\/www.ernstbrunn-apotheke.at\/katalog\/wp-json\/wp\/v2\/media\/129803"}],"wp:attachment":[{"href":"https:\/\/www.ernstbrunn-apotheke.at\/katalog\/wp-json\/wp\/v2\/media?parent=129801"}],"wp:term":[{"taxonomy":"product_brand","embeddable":true,"href":"https:\/\/www.ernstbrunn-apotheke.at\/katalog\/wp-json\/wp\/v2\/product_brand?post=129801"},{"taxonomy":"product_cat","embeddable":true,"href":"https:\/\/www.ernstbrunn-apotheke.at\/katalog\/wp-json\/wp\/v2\/product_cat?post=129801"},{"taxonomy":"product_tag","embeddable":true,"href":"https:\/\/www.ernstbrunn-apotheke.at\/katalog\/wp-json\/wp\/v2\/product_tag?post=129801"}],"curies":[{"name":"wp","href":"https:\/\/api.w.org\/{rel}","templated":true}]}}