{"id":129719,"date":"2025-11-13T17:18:35","date_gmt":"2025-11-13T16:18:35","guid":{"rendered":"https:\/\/www.ernstbrunn-apotheke.at\/katalog\/produkt\/panaceo-care-zeolith-natur-zahncreme-75-ml\/"},"modified":"2025-12-09T10:09:44","modified_gmt":"2025-12-09T09:09:44","slug":"panaceo-care-zeolith-natur-zahncreme-75-ml","status":"publish","type":"product","link":"https:\/\/www.ernstbrunn-apotheke.at\/katalog\/produkt\/panaceo-care-zeolith-natur-zahncreme-75-ml\/","title":{"rendered":"PANACEO Care Zeolith Natur Zahncreme 75 ml"},"content":{"rendered":"<p>Panaceo Basic Detox Natur Zahncreme 75 ml mit einer ausgew\u00e4hlten Kombination von nat\u00fcrlichen Inhaltsstoffen pflegt Z\u00e4hne und Zahnfleisch. Bei regelm\u00e4\u00dfiger Anwendung werden Z\u00e4hne und Zahnfleisch gesch\u00fctzt und der Bildung von Karies vorgebeugt. Zus\u00e4tzlich sorgt wertvolles Bio-Minz\u00f6l f\u00fcr ein sauberes Mundgef\u00fchl und frischen Atem..<\/p>\n","protected":false},"excerpt":{"rendered":"<p>Panaceo Basic Detox Natur Zahncreme 75 ml mit einer ausgew\u00e4hlten Kombination von nat\u00fcrlichen Inhaltsstoffen pflegt Z\u00e4hne und Zahnfleisch. Bei regelm\u00e4\u00dfiger Anwendung werden Z\u00e4hne und Zahnfleisch gesch\u00fctzt und der Bildung von Karies vorgebeugt. Zus\u00e4tzlich sorgt wertvolles Bio-Minz\u00f6l f\u00fcr ein sauberes Mundgef\u00fchl und frischen Atem..<\/p>\n","protected":false},"featured_media":129721,"template":"","meta":{"_acf_changed":false},"product_brand":[1073],"product_cat":[793],"product_tag":[],"class_list":{"0":"post-129719","1":"product","2":"type-product","3":"status-publish","4":"has-post-thumbnail","6":"product_brand-panaceo","7":"product_cat-p","8":"pa_packungsgroesse-75ml","10":"first","11":"instock","12":"shipping-taxable","13":"purchasable","14":"product-type-simple"},"acf":[],"_links":{"self":[{"href":"https:\/\/www.ernstbrunn-apotheke.at\/katalog\/wp-json\/wp\/v2\/product\/129719","targetHints":{"allow":["GET"]}}],"collection":[{"href":"https:\/\/www.ernstbrunn-apotheke.at\/katalog\/wp-json\/wp\/v2\/product"}],"about":[{"href":"https:\/\/www.ernstbrunn-apotheke.at\/katalog\/wp-json\/wp\/v2\/types\/product"}],"wp:featuredmedia":[{"embeddable":true,"href":"https:\/\/www.ernstbrunn-apotheke.at\/katalog\/wp-json\/wp\/v2\/media\/129721"}],"wp:attachment":[{"href":"https:\/\/www.ernstbrunn-apotheke.at\/katalog\/wp-json\/wp\/v2\/media?parent=129719"}],"wp:term":[{"taxonomy":"product_brand","embeddable":true,"href":"https:\/\/www.ernstbrunn-apotheke.at\/katalog\/wp-json\/wp\/v2\/product_brand?post=129719"},{"taxonomy":"product_cat","embeddable":true,"href":"https:\/\/www.ernstbrunn-apotheke.at\/katalog\/wp-json\/wp\/v2\/product_cat?post=129719"},{"taxonomy":"product_tag","embeddable":true,"href":"https:\/\/www.ernstbrunn-apotheke.at\/katalog\/wp-json\/wp\/v2\/product_tag?post=129719"}],"curies":[{"name":"wp","href":"https:\/\/api.w.org\/{rel}","templated":true}]}}