{"id":129703,"date":"2025-11-13T17:18:03","date_gmt":"2025-11-13T16:18:03","guid":{"rendered":"https:\/\/www.ernstbrunn-apotheke.at\/katalog\/produkt\/ovufem-sachets-30-stk\/"},"modified":"2025-12-09T10:09:42","modified_gmt":"2025-12-09T09:09:42","slug":"ovufem-sachets-30-stk","status":"publish","type":"product","link":"https:\/\/www.ernstbrunn-apotheke.at\/katalog\/produkt\/ovufem-sachets-30-stk\/","title":{"rendered":"Ovufem Sachets 30 Stk."},"content":{"rendered":"<p>Ovufem ist ein Lebensmittel f\u00fcr besondere medizinische Zwecke (bilanzierte Di\u00e4t) zum Di\u00e4tmanagement f\u00fcr Frauen mit PCOS und\/oder Fertilit\u00e4tsst\u00f6rungen.<\/p>\n","protected":false},"excerpt":{"rendered":"<p>Ovufem ist ein Lebensmittel f\u00fcr besondere medizinische Zwecke (bilanzierte Di\u00e4t) zum Di\u00e4tmanagement f\u00fcr Frauen mit PCOS und\/oder Fertilit\u00e4tsst\u00f6rungen.<\/p>\n","protected":false},"featured_media":129705,"template":"","meta":{"_acf_changed":false},"product_brand":[],"product_cat":[819],"product_tag":[],"class_list":{"0":"post-129703","1":"product","2":"type-product","3":"status-publish","4":"has-post-thumbnail","6":"product_cat-o","7":"pa_packungsgroesse-30-stueck","9":"first","10":"instock","11":"shipping-taxable","12":"purchasable","13":"product-type-simple"},"acf":[],"_links":{"self":[{"href":"https:\/\/www.ernstbrunn-apotheke.at\/katalog\/wp-json\/wp\/v2\/product\/129703","targetHints":{"allow":["GET"]}}],"collection":[{"href":"https:\/\/www.ernstbrunn-apotheke.at\/katalog\/wp-json\/wp\/v2\/product"}],"about":[{"href":"https:\/\/www.ernstbrunn-apotheke.at\/katalog\/wp-json\/wp\/v2\/types\/product"}],"wp:featuredmedia":[{"embeddable":true,"href":"https:\/\/www.ernstbrunn-apotheke.at\/katalog\/wp-json\/wp\/v2\/media\/129705"}],"wp:attachment":[{"href":"https:\/\/www.ernstbrunn-apotheke.at\/katalog\/wp-json\/wp\/v2\/media?parent=129703"}],"wp:term":[{"taxonomy":"product_brand","embeddable":true,"href":"https:\/\/www.ernstbrunn-apotheke.at\/katalog\/wp-json\/wp\/v2\/product_brand?post=129703"},{"taxonomy":"product_cat","embeddable":true,"href":"https:\/\/www.ernstbrunn-apotheke.at\/katalog\/wp-json\/wp\/v2\/product_cat?post=129703"},{"taxonomy":"product_tag","embeddable":true,"href":"https:\/\/www.ernstbrunn-apotheke.at\/katalog\/wp-json\/wp\/v2\/product_tag?post=129703"}],"curies":[{"name":"wp","href":"https:\/\/api.w.org\/{rel}","templated":true}]}}