{"id":129681,"date":"2025-11-13T17:17:34","date_gmt":"2025-11-13T16:17:34","guid":{"rendered":"https:\/\/www.ernstbrunn-apotheke.at\/katalog\/produkt\/burgerstein-omega-3-liquid-150-ml\/"},"modified":"2025-12-09T10:09:39","modified_gmt":"2025-12-09T09:09:39","slug":"burgerstein-omega-3-liquid-150-ml","status":"publish","type":"product","link":"https:\/\/www.ernstbrunn-apotheke.at\/katalog\/produkt\/burgerstein-omega-3-liquid-150-ml\/","title":{"rendered":"Burgerstein Omega 3 liquid 150 ml"},"content":{"rendered":"<p>Burgerstein Omega-3 liquid ist ein wohlschmeckendes \u00d6l mit nat\u00fcrlichem Orangenaroma \u2013 ohne Fischgeschmack. Burgerstein Omega-3 liquid enth\u00e4lt ein ausgewogenes Verh\u00e4ltnis an EPA und DHA (730 mg EPA, 455 mg DHA) und kann von der ganzen Familie (Kinder ab 2 Jahren) eingenommen werden. Die t\u00e4gliche Aufnahme von Eicosapentaens\u00e4ure (EPA) und Docosahexaens\u00e4ure (DHA) tr\u00e4gt zur Erhaltung einer gesunden Herzfunktion bei. DHA unterst\u00fctzt au\u00dferdem die Sehkraft und leistet einen Beitrag zu einer normalen Gehirnfunktion &#8211; als Standortapotheke bieten wir Ihnen 100 % Sicherheit und ausschlie\u00dflich Originalprodukte!<\/p>\n","protected":false},"excerpt":{"rendered":"<p>Burgerstein Omega-3 liquid ist ein wohlschmeckendes \u00d6l mit nat\u00fcrlichem Orangenaroma \u2013 ohne Fischgeschmack. Burgerstein Omega-3 liquid enth\u00e4lt ein ausgewogenes Verh\u00e4ltnis an EPA und DHA (730 mg EPA, 455 mg DHA) und kann von der ganzen Familie (Kinder ab 2 Jahren) eingenommen werden. Die t\u00e4gliche Aufnahme von Eicosapentaens\u00e4ure (EPA) und Docosahexaens\u00e4ure (DHA) tr\u00e4gt zur Erhaltung einer [&hellip;]<\/p>\n","protected":false},"featured_media":129683,"template":"","meta":{"_acf_changed":false},"product_brand":[446],"product_cat":[802],"product_tag":[],"class_list":{"0":"post-129681","1":"product","2":"type-product","3":"status-publish","4":"has-post-thumbnail","6":"product_brand-burgerstein","7":"product_cat-b","8":"pa_packungsgroesse-150ml","10":"first","11":"instock","12":"shipping-taxable","13":"purchasable","14":"product-type-simple"},"acf":[],"_links":{"self":[{"href":"https:\/\/www.ernstbrunn-apotheke.at\/katalog\/wp-json\/wp\/v2\/product\/129681","targetHints":{"allow":["GET"]}}],"collection":[{"href":"https:\/\/www.ernstbrunn-apotheke.at\/katalog\/wp-json\/wp\/v2\/product"}],"about":[{"href":"https:\/\/www.ernstbrunn-apotheke.at\/katalog\/wp-json\/wp\/v2\/types\/product"}],"wp:featuredmedia":[{"embeddable":true,"href":"https:\/\/www.ernstbrunn-apotheke.at\/katalog\/wp-json\/wp\/v2\/media\/129683"}],"wp:attachment":[{"href":"https:\/\/www.ernstbrunn-apotheke.at\/katalog\/wp-json\/wp\/v2\/media?parent=129681"}],"wp:term":[{"taxonomy":"product_brand","embeddable":true,"href":"https:\/\/www.ernstbrunn-apotheke.at\/katalog\/wp-json\/wp\/v2\/product_brand?post=129681"},{"taxonomy":"product_cat","embeddable":true,"href":"https:\/\/www.ernstbrunn-apotheke.at\/katalog\/wp-json\/wp\/v2\/product_cat?post=129681"},{"taxonomy":"product_tag","embeddable":true,"href":"https:\/\/www.ernstbrunn-apotheke.at\/katalog\/wp-json\/wp\/v2\/product_tag?post=129681"}],"curies":[{"name":"wp","href":"https:\/\/api.w.org\/{rel}","templated":true}]}}