{"id":129535,"date":"2025-11-13T17:13:35","date_gmt":"2025-11-13T16:13:35","guid":{"rendered":"https:\/\/www.ernstbrunn-apotheke.at\/katalog\/produkt\/mundwasser-odol-med-3-zahnfleisch-aktiv-500-ml\/"},"modified":"2025-12-09T10:09:19","modified_gmt":"2025-12-09T09:09:19","slug":"mundwasser-odol-med-3-zahnfleisch-aktiv-500-ml","status":"publish","type":"product","link":"https:\/\/www.ernstbrunn-apotheke.at\/katalog\/produkt\/mundwasser-odol-med-3-zahnfleisch-aktiv-500-ml\/","title":{"rendered":"Mundwasser Odol Med 3 Zahnfleisch Aktiv 500 ml"},"content":{"rendered":"<p>Mundwasser Odol Med 3 Zahnfleisch Aktiv bietet das Extra an Sauberkeit, Schutz und Frische. Die Zahnsp\u00fclung dient als perfekte Abrundung der t\u00e4glichen Mundhygiene und die antibakterielle und entz\u00fcndungshemmende Wirkformel bek\u00e4mpft Bakterien auch dort, wo die Zahnb\u00fcrste nur schwer hinkommt. So wird Zahnfleischproblemen vorgebeugt und das Zahnfleisch gefestigt.<\/p>\n","protected":false},"excerpt":{"rendered":"<p>Mundwasser Odol Med 3 Zahnfleisch Aktiv bietet das Extra an Sauberkeit, Schutz und Frische. Die Zahnsp\u00fclung dient als perfekte Abrundung der t\u00e4glichen Mundhygiene und die antibakterielle und entz\u00fcndungshemmende Wirkformel bek\u00e4mpft Bakterien auch dort, wo die Zahnb\u00fcrste nur schwer hinkommt. So wird Zahnfleischproblemen vorgebeugt und das Zahnfleisch gefestigt.<\/p>\n","protected":false},"featured_media":0,"template":"","meta":{"_acf_changed":false},"product_brand":[912],"product_cat":[800],"product_tag":[],"class_list":{"0":"post-129535","1":"product","2":"type-product","3":"status-publish","5":"product_brand-odol","6":"product_cat-m","7":"pa_packungsgroesse-500ml","9":"first","10":"instock","11":"shipping-taxable","12":"purchasable","13":"product-type-simple"},"acf":[],"_links":{"self":[{"href":"https:\/\/www.ernstbrunn-apotheke.at\/katalog\/wp-json\/wp\/v2\/product\/129535","targetHints":{"allow":["GET"]}}],"collection":[{"href":"https:\/\/www.ernstbrunn-apotheke.at\/katalog\/wp-json\/wp\/v2\/product"}],"about":[{"href":"https:\/\/www.ernstbrunn-apotheke.at\/katalog\/wp-json\/wp\/v2\/types\/product"}],"wp:attachment":[{"href":"https:\/\/www.ernstbrunn-apotheke.at\/katalog\/wp-json\/wp\/v2\/media?parent=129535"}],"wp:term":[{"taxonomy":"product_brand","embeddable":true,"href":"https:\/\/www.ernstbrunn-apotheke.at\/katalog\/wp-json\/wp\/v2\/product_brand?post=129535"},{"taxonomy":"product_cat","embeddable":true,"href":"https:\/\/www.ernstbrunn-apotheke.at\/katalog\/wp-json\/wp\/v2\/product_cat?post=129535"},{"taxonomy":"product_tag","embeddable":true,"href":"https:\/\/www.ernstbrunn-apotheke.at\/katalog\/wp-json\/wp\/v2\/product_tag?post=129535"}],"curies":[{"name":"wp","href":"https:\/\/api.w.org\/{rel}","templated":true}]}}