{"id":12952,"date":"2025-11-07T14:58:36","date_gmt":"2025-11-07T13:58:36","guid":{"rendered":"https:\/\/www.ernstbrunn-apotheke.at\/katalog\/produkt\/neuronal-kapseln-20-stk\/"},"modified":"2025-12-08T13:34:28","modified_gmt":"2025-12-08T12:34:28","slug":"neuronal-kapseln-20-stk","status":"publish","type":"product","link":"https:\/\/www.ernstbrunn-apotheke.at\/katalog\/produkt\/neuronal-kapseln-20-stk\/","title":{"rendered":"Neuronal Kapseln 20 Stk."},"content":{"rendered":"<p>Neuronal enth\u00e4lt NCFR-6, eine einzigartige Kombination von Nukleotiden und Vitaminen (Fols\u00e4ure, Cyanocobalamin, Thiamin, Nicotinamid und Pyridoxin) und eignet sich zur di\u00e4tetischen Behandlung von von Schmerzen aufgrund von Wirbels\u00e4ulesyndromen, Neuralgien und Polyneuropathien.<\/p>\n","protected":false},"excerpt":{"rendered":"<p>Neuronal enth\u00e4lt NCFR-6, eine einzigartige Kombination von Nukleotiden und Vitaminen (Fols\u00e4ure, Cyanocobalamin, Thiamin, Nicotinamid und Pyridoxin) und eignet sich zur di\u00e4tetischen Behandlung von von Schmerzen aufgrund von Wirbels\u00e4ulesyndromen, Neuralgien und Polyneuropathien.<\/p>\n","protected":false},"featured_media":12954,"template":"","meta":{"_acf_changed":false},"product_brand":[],"product_cat":[797],"product_tag":[],"class_list":{"0":"post-12952","1":"product","2":"type-product","3":"status-publish","4":"has-post-thumbnail","6":"product_cat-n","7":"pa_packungsgroesse-20-stueck","9":"first","10":"instock","11":"shipping-taxable","12":"purchasable","13":"product-type-simple"},"acf":[],"_links":{"self":[{"href":"https:\/\/www.ernstbrunn-apotheke.at\/katalog\/wp-json\/wp\/v2\/product\/12952","targetHints":{"allow":["GET"]}}],"collection":[{"href":"https:\/\/www.ernstbrunn-apotheke.at\/katalog\/wp-json\/wp\/v2\/product"}],"about":[{"href":"https:\/\/www.ernstbrunn-apotheke.at\/katalog\/wp-json\/wp\/v2\/types\/product"}],"wp:featuredmedia":[{"embeddable":true,"href":"https:\/\/www.ernstbrunn-apotheke.at\/katalog\/wp-json\/wp\/v2\/media\/12954"}],"wp:attachment":[{"href":"https:\/\/www.ernstbrunn-apotheke.at\/katalog\/wp-json\/wp\/v2\/media?parent=12952"}],"wp:term":[{"taxonomy":"product_brand","embeddable":true,"href":"https:\/\/www.ernstbrunn-apotheke.at\/katalog\/wp-json\/wp\/v2\/product_brand?post=12952"},{"taxonomy":"product_cat","embeddable":true,"href":"https:\/\/www.ernstbrunn-apotheke.at\/katalog\/wp-json\/wp\/v2\/product_cat?post=12952"},{"taxonomy":"product_tag","embeddable":true,"href":"https:\/\/www.ernstbrunn-apotheke.at\/katalog\/wp-json\/wp\/v2\/product_tag?post=12952"}],"curies":[{"name":"wp","href":"https:\/\/api.w.org\/{rel}","templated":true}]}}