{"id":129319,"date":"2025-11-13T17:08:59","date_gmt":"2025-11-13T16:08:59","guid":{"rendered":"https:\/\/www.ernstbrunn-apotheke.at\/katalog\/produkt\/neobio-deodorant-stick-hamamelis-40-ml\/"},"modified":"2025-12-09T10:08:38","modified_gmt":"2025-12-09T09:08:38","slug":"neobio-deodorant-stick-hamamelis-40-ml","status":"publish","type":"product","link":"https:\/\/www.ernstbrunn-apotheke.at\/katalog\/produkt\/neobio-deodorant-stick-hamamelis-40-ml\/","title":{"rendered":"Neobio Deodorant Stick + Hamamelis 40 ml"},"content":{"rendered":"<p>Neobio Deodorant Stick + Hamamelis ist ein sehr gut vertr\u00e4glicher Deo-Stick mit entz\u00fcndungshemmendem, adstringierendem Hamamelis-Extrakt sowie beruhigendem Kamillen-Extrakt. Er wirkt angenehm k\u00fchlend, desodoriert hautfreundlich und duftet dabei wunderbar herb-frisch.<\/p>\n","protected":false},"excerpt":{"rendered":"<p>Neobio Deodorant Stick + Hamamelis ist ein sehr gut vertr\u00e4glicher Deo-Stick mit entz\u00fcndungshemmendem, adstringierendem Hamamelis-Extrakt sowie beruhigendem Kamillen-Extrakt. Er wirkt angenehm k\u00fchlend, desodoriert hautfreundlich und duftet dabei wunderbar herb-frisch.<\/p>\n","protected":false},"featured_media":0,"template":"","meta":{"_acf_changed":false},"product_brand":[],"product_cat":[797],"product_tag":[],"class_list":{"0":"post-129319","1":"product","2":"type-product","3":"status-publish","5":"product_cat-n","6":"pa_packungsgroesse-40ml","8":"first","9":"instock","10":"shipping-taxable","11":"purchasable","12":"product-type-simple"},"acf":[],"_links":{"self":[{"href":"https:\/\/www.ernstbrunn-apotheke.at\/katalog\/wp-json\/wp\/v2\/product\/129319","targetHints":{"allow":["GET"]}}],"collection":[{"href":"https:\/\/www.ernstbrunn-apotheke.at\/katalog\/wp-json\/wp\/v2\/product"}],"about":[{"href":"https:\/\/www.ernstbrunn-apotheke.at\/katalog\/wp-json\/wp\/v2\/types\/product"}],"wp:attachment":[{"href":"https:\/\/www.ernstbrunn-apotheke.at\/katalog\/wp-json\/wp\/v2\/media?parent=129319"}],"wp:term":[{"taxonomy":"product_brand","embeddable":true,"href":"https:\/\/www.ernstbrunn-apotheke.at\/katalog\/wp-json\/wp\/v2\/product_brand?post=129319"},{"taxonomy":"product_cat","embeddable":true,"href":"https:\/\/www.ernstbrunn-apotheke.at\/katalog\/wp-json\/wp\/v2\/product_cat?post=129319"},{"taxonomy":"product_tag","embeddable":true,"href":"https:\/\/www.ernstbrunn-apotheke.at\/katalog\/wp-json\/wp\/v2\/product_tag?post=129319"}],"curies":[{"name":"wp","href":"https:\/\/api.w.org\/{rel}","templated":true}]}}